{"id":185,"date":"2025-06-25T09:33:25","date_gmt":"2025-06-25T09:33:25","guid":{"rendered":"https:\/\/arts-mystiques.fr\/?page_id=185"},"modified":"2026-03-13T22:42:44","modified_gmt":"2026-03-13T22:42:44","slug":"prestations-esoteriques","status":"publish","type":"page","link":"https:\/\/arts-mystiques.fr\/?page_id=185","title":{"rendered":"Prestations"},"content":{"rendered":"<div class=\"brz brz-root__container brz-reset-all brz-root__container-page\">\n<section id=\"zCLqzLnQLA9q_zCLqzLnQLA9q\" class=\"brz-section brz-css-1qi737v brz-css-12nxihd\">\n<div class=\"brz-section__content brz-section--boxed brz-css-th66ha brz-css-13i38op\" data-brz-custom-id=\"ovd18YchDBq8\">\n<div class=\"brz-bg\">\n<div class=\"brz-bg-color\"><\/div>\n<\/div>\n<div class=\"brz-container brz-css-13zb8hf brz-css-blz8rd\">\n<div class=\"brz-row__container brz-css-a55lfr brz-css-3g8dl9\" data-brz-custom-id=\"kORncNhzY4WY\">\n<div class=\"brz-row brz-css-1oaicry brz-css-1m6pxw3 brz-css-1scasdu\">\n<div class=\"brz-columns brz-css-1v9ib09 brz-css-1l8i200\" data-brz-custom-id=\"cvDEf6lHCCLW\">\n<div class=\"brz-column__items brz-css-1cjf51s brz-css-13eo09s\"><\/div>\n<\/div>\n<div class=\"brz-columns brz-css-1v9ib09 brz-css-ep3pa8\" data-brz-custom-id=\"soAhEU6qxoPt\">\n<div class=\"brz-column__items brz-css-1cjf51s brz-css-1pt8s2q\">\n<div class=\"brz-wrapper-clone brz-flex-xs-wrap brz-css-gqtoby brz-css-1pd4av9\" data-brz-custom-id=\"iLOQordH0UKw\">\n<div class=\"brz-icon__container\" data-brz-custom-id=\"dbsvJs4sVVK6\"><a class=\"brz-a\" href=\"https:\/\/www.instagram.com\/Arts_Mystiques\/#\" target=\"_blank\" rel=\"noopener noreferrer\" data-brz-link-type=\"external\"><span class=\"brz-icon brz-span brz-css-mm5zj3 brz-css-enhszg\"><\/span><\/a><\/div>\n<\/div>\n<\/div>\n<\/div>\n<div class=\"brz-columns brz-css-1v9ib09 brz-css-vp8lm9\" data-brz-custom-id=\"p_CuUeodgSv4\">\n<div class=\"brz-column__items brz-css-1cjf51s brz-css-19gvrln\">\n<div class=\"brz-wrapper-clone brz-flex-xs-wrap brz-css-gqtoby brz-css-rqdzek\" data-brz-custom-id=\"w5zIWUTYvVvp\">\n<div class=\"brz-icon__container\" data-brz-custom-id=\"m3jJ1t9ZUskJ\"><a class=\"brz-a\" href=\"https:\/\/www.facebook.com\/p\/Arts-Mystiques-61556306606530\/\" target=\"_blank\" rel=\"noopener noreferrer\" data-brz-link-type=\"external\"><span class=\"brz-icon brz-span brz-css-mm5zj3 brz-css-1gg0s6y\"><\/span><\/a><\/div>\n<\/div>\n<\/div>\n<\/div>\n<\/div>\n<\/div>\n<div class=\"brz-row__container brz-css-a55lfr brz-css-si7e9u\" data-brz-custom-id=\"me_JYJi1mpzR\">\n<div class=\"brz-row brz-css-1oaicry brz-css-1m6pxw3 brz-css-1wfg532\">\n<div class=\"brz-columns brz-css-1v9ib09 brz-css-1q1g1h2\" data-brz-custom-id=\"fAtTJ9QLfHd9\">\n<div class=\"brz-column__items brz-css-1cjf51s brz-css-dc8t4j\">\n<div id=\"\" class=\"brz-css-p55dis brz-css-fhcs77 brz-wrapper\">\n<div class=\"brz-image brz-css-1maaokw brz-css-1nb42ft\" data-brz-custom-id=\"e8io17fFCx77\"><a class=\"brz-a\" href=\"https:\/\/arts-mystiques.fr\/\" target=\"_self\" rel=\"noopener\" data-brz-link-type=\"page\"><img data-recalc-dims=\"1\" decoding=\"async\" class=\"brz-img\" src=\"https:\/\/i0.wp.com\/arts-mystiques.fr\/wp-content\/uploads\/2025\/09\/Arts-6.png?w=1300&#038;ssl=1\" loading=\"lazy\" title=\"\"><\/a><\/div>\n<\/div>\n<\/div>\n<\/div>\n<div class=\"brz-columns brz-css-1v9ib09 brz-css-74s5sb\" data-brz-custom-id=\"rpDh8eY6eoZF\">\n<div class=\"brz-column__items brz-css-1cjf51s brz-css-31w8wl\">\n<div id=\"\" class=\"brz-css-p55dis brz-css-px5rd5 brz-wrapper\">\n<div class=\"brz-menu-simple brz-css-lpda30 brz-css-ht03oz\">\n<div class=\"brz-menu-simple__toggle brz-menu-simple__toggle--mobile\"><label class=\"brz-menu-simple__icon\" for=\"brz-menu-simple__btn-brq5K\"><span class=\"brz-menu-simple__icon--bars\"><\/span><\/label><\/p>\n<div style=\"min-height:20px\">\n<div class=\"menu-menu-principal-container\">\n<ul id=\"menu-menu-principal\" class=\"menu\">\n<li id=\"menu-item-53\" class=\"menu-item menu-item-type-post_type menu-item-object-page menu-item-home menu-item-53\"><a href=\"https:\/\/arts-mystiques.fr\/\">Accueil<\/a><\/li>\n<li id=\"menu-item-44\" class=\"menu-item menu-item-type-post_type menu-item-object-page menu-item-44\"><a href=\"https:\/\/arts-mystiques.fr\/?page_id=34\">Tatouages<\/a><\/li>\n<li id=\"menu-item-46\" class=\"menu-item menu-item-type-post_type menu-item-object-page menu-item-46\"><a href=\"https:\/\/arts-mystiques.fr\/?page_id=35\">La boutique<\/a><\/li>\n<li id=\"menu-item-188\" class=\"menu-item menu-item-type-post_type menu-item-object-page menu-item-has-children menu-item-188 qodef-menu-item--narrow\"><a href=\"https:\/\/arts-mystiques.fr\/?page_id=185\">Prestations<\/a>\n<ul class=\"sub-menu\">\n<li id=\"menu-item-363\" class=\"menu-item menu-item-type-post_type menu-item-object-page menu-item-363\"><a href=\"https:\/\/arts-mystiques.fr\/?page_id=354\">Tatouages sacr\u00e9s<\/a><\/li>\n<li id=\"menu-item-364\" class=\"menu-item menu-item-type-post_type menu-item-object-page menu-item-364\"><a href=\"https:\/\/arts-mystiques.fr\/?page_id=356\">Lecture d&rsquo;\u00e2me<\/a><\/li>\n<li id=\"menu-item-365\" class=\"menu-item menu-item-type-post_type menu-item-object-page menu-item-365\"><a href=\"https:\/\/arts-mystiques.fr\/?page_id=357\">Les soir\u00e9es mystiques<\/a><\/li>\n<li id=\"menu-item-366\" class=\"menu-item menu-item-type-post_type menu-item-object-page menu-item-366\"><a href=\"https:\/\/arts-mystiques.fr\/?page_id=358\">Soin vibratoire<\/a><\/li>\n<\/ul>\n<\/li>\n<li id=\"menu-item-49\" class=\"menu-item menu-item-type-post_type menu-item-object-page menu-item-49\"><a href=\"https:\/\/arts-mystiques.fr\/?page_id=38\">Contact<\/a><\/li>\n<\/ul>\n<\/div>\n<\/div>\n<\/div>\n<\/div>\n<\/div>\n<\/div>\n<\/div>\n<\/div>\n<\/div>\n<\/div>\n<\/div>\n<\/section>\n<section id=\"dCF7XGJdb1XP_dCF7XGJdb1XP\" class=\"brz-section brz-css-d-section brz-css-inlc7f\">\n<div class=\"brz-section__content brz-section--boxed brz-css-d-sectionitem-bg brz-css-izzhpk\" data-brz-custom-id=\"to4a2JFtOdui\">\n<div class=\"brz-bg\">\n<div class=\"brz-bg-image\"><\/div>\n<div class=\"brz-bg-color\"><\/div>\n<div class=\"brz-bg-shape brz-bg-shape__top\"><\/div>\n<\/div>\n<div class=\"brz-container brz-css-d-sectionitem-container brz-css-1nv63g7\">\n<div id=\"\" class=\"brz-css-d-wrapper brz-css-zrr71h brz-wrapper\">\n<div class=\"brz-rich-text brz-rich-text__custom brz-css-d-richtext brz-css-1mep0kz\" data-brz-custom-id=\"iBSTm5hYk_Up\">\n<div data-brz-translate-text=\"1\">\n<p class=\"brz-fsft-lg-0 brz-fwdth-lg-100 brz-vfw-lg-400 brz-lh-lg-1_9 brz-ls-lg-0 brz-fw-lg-400 brz-fss-lg-px brz-fs-lg-30 brz-ft-google brz-ff-arapey brz-tp-lg-empty brz-text-lg-center brz-css-j2RgM\" data-uniq-id=\"qHhyB\" data-generated-css=\"brz-css-z1Z4O\"><strong class=\"brz-italic-true brz-bold-true brz-cp-color8\"><em>Prestations<\/em><\/strong><\/p>\n<\/div>\n<\/div>\n<\/div>\n<div id=\"\" class=\"brz-css-d-wrapper brz-css-1w5u1i7 brz-wrapper\">\n<div class=\"brz-rich-text brz-rich-text__custom brz-css-d-richtext brz-css-1ijvl93\" data-brz-custom-id=\"y6f38NiOsVtn\">\n<div data-brz-translate-text=\"1\">\n<p class=\"brz-fsft-lg-0 brz-fwdth-lg-100 brz-vfw-lg-400 brz-lh-lg-1_9 brz-ls-lg-0 brz-fw-lg-400 brz-fss-lg-px brz-text-lg-center brz-tp-lg-empty brz-ff-arapey brz-ft-google brz-fs-lg-25 brz-css-gdDIi\" data-generated-css=\"brz-css-r2e2M\" data-uniq-id=\"nJOSX\"><em class=\"brz-italic-true brz-cp-color8\">Les diff\u00e9rentes prestations que je propose :<\/em><\/p>\n<\/div>\n<\/div>\n<\/div>\n<div id=\"\" class=\"brz-css-d-wrapper brz-css-r-wrapper brz-css-zot9rd brz-wrapper\">\n<div class=\"brz-spacer brz-css-d-spacer brz-css-1q3qkpd\"><\/div>\n<\/div>\n<div class=\"brz-row__container brz-css-d-row-row brz-css-89aw4d\" data-brz-custom-id=\"jDXOJz6xsRyU\">\n<div class=\"brz-row brz-css-d-row-container brz-css-r-row-container brz-css-1om85tt\">\n<div class=\"brz-columns brz-css-d-column-column brz-css-znnpe9\" data-brz-custom-id=\"rc97sVwMFsWD\">\n<div class=\"brz-column__items brz-css-d-column-bg brz-css-fmr87j\">\n<div class=\"brz-wrapper-clone brz-flex-xs-wrap brz-css-d-cloneable brz-css-qz5y9f\" data-brz-custom-id=\"zSFmEAvHdE0d\"><a class=\"brz-a brz-btn brz-css-d-button brz-css-fr44s1 brz-css-d-button-bg brz-css-pn6gy8\" target=\"_self\" rel=\"noopener\" href=\"https:\/\/arts-mystiques.fr\/?page_id=356\" data-brz-link-type=\"page\" data-brz-custom-id=\"fwvljUiqEodT\"><span data-brz-translate-text=\"1\" class=\"brz-span brz-text__editor\">Lecture d&rsquo;\u00e2me<\/span><\/a><\/div>\n<\/div>\n<\/div>\n<div class=\"brz-columns brz-css-d-column-column brz-css-w1c2rr\" data-brz-custom-id=\"svwp3le04mzO\">\n<div class=\"brz-column__items brz-css-d-column-bg brz-css-jemplk\">\n<div class=\"brz-wrapper-clone brz-flex-xs-wrap brz-css-d-cloneable brz-css-1ultlyg\" data-brz-custom-id=\"gafwZJq_VbiK\"><a class=\"brz-a brz-btn brz-css-d-button brz-css-17v07a7 brz-css-d-button-bg brz-css-1juar9q\" target=\"_self\" rel=\"noopener\" href=\"https:\/\/arts-mystiques.fr\/?page_id=357\" data-brz-link-type=\"page\" data-brz-custom-id=\"jODv3rL8Yhic\"><span data-brz-translate-text=\"1\" class=\"brz-span brz-text__editor\">Les soir\u00e9es mystiques<\/span><\/a><\/div>\n<\/div>\n<\/div>\n<div class=\"brz-columns brz-css-d-column-column brz-css-19nhcz3\" data-brz-custom-id=\"z4yuyn4MIkou\">\n<div class=\"brz-column__items brz-css-d-column-bg brz-css-khoqxp\">\n<div class=\"brz-wrapper-clone brz-flex-xs-wrap brz-css-d-cloneable brz-css-11rgv6n\" data-brz-custom-id=\"xwjBt0Qv8aZq\"><a class=\"brz-a brz-btn brz-css-d-button brz-css-bf04ru brz-css-d-button-bg brz-css-1gnunn9\" target=\"_self\" rel=\"noopener\" href=\"https:\/\/arts-mystiques.fr\/?page_id=358\" data-brz-link-type=\"page\" data-brz-custom-id=\"w0vTzJTT8Zrz\"><span data-brz-translate-text=\"1\" class=\"brz-span brz-text__editor\">Soin vibratoire<\/span><\/a><\/div>\n<\/div>\n<\/div>\n<\/div>\n<\/div>\n<div class=\"brz-row__container brz-css-d-row-row brz-css-1ifckza\" data-brz-custom-id=\"q8dKM9ZeEhiS\">\n<div class=\"brz-row brz-css-d-row-container brz-css-r-row-container brz-css-qgzl28\">\n<div class=\"brz-columns brz-css-d-column-column brz-css-1bsqmy3\" data-brz-custom-id=\"vXS7nZw6zvvV\">\n<div class=\"brz-column__items brz-css-d-column-bg brz-css-8db7cf\"><\/div>\n<\/div>\n<div class=\"brz-columns brz-css-d-column-column brz-css-1w4hwid\" data-brz-custom-id=\"zDSZVZZ4VL3O\">\n<div class=\"brz-column__items brz-css-d-column-bg brz-css-1w7y7ua\">\n<div class=\"brz-wrapper-clone brz-flex-xs-wrap brz-css-d-cloneable brz-css-1bfuldq\" data-brz-custom-id=\"bPgPSjSw7Sl_\"><a class=\"brz-a brz-btn brz-css-d-button brz-css-7thrpe brz-css-d-button-bg brz-css-o1pfjt\" target=\"_self\" rel=\"noopener\" href=\"https:\/\/arts-mystiques.fr\/?page_id=354\" data-brz-link-type=\"page\" data-brz-custom-id=\"hKNP4FoRrk5p\"><span data-brz-translate-text=\"1\" class=\"brz-span brz-text__editor\">Tatouages sacr\u00e9s<\/span><\/a><\/div>\n<\/div>\n<\/div>\n<div class=\"brz-columns brz-css-d-column-column brz-css-1f19xsc\" data-brz-custom-id=\"zzaPGEX4SKlP\">\n<div class=\"brz-column__items brz-css-d-column-bg brz-css-1evc4ht\"><\/div>\n<\/div>\n<\/div>\n<\/div>\n<\/div>\n<\/div>\n<\/section>\n<section id=\"6c8efe2ffd1f389b5be1_joSouelXc3At\" class=\"brz-section brz-css-11szxj4 brz-css-on5frt\">\n<div class=\"brz-section__content brz-section--boxed brz-css-13q200p brz-css-1xw3wcb\" data-brz-custom-id=\"vqs_s0I4pEIf\">\n<div class=\"brz-bg\">\n<div class=\"brz-bg-color\"><\/div>\n<\/div>\n<div class=\"brz-container brz-css-rvr4wh brz-css-8bwdmp\">\n<div class=\"brz-row__container brz-css-o8doy1 brz-css-eo9qa8\" data-brz-custom-id=\"sXQ5g0iy3KXB\">\n<div class=\"brz-row brz-css-1unb6tb brz-css-1wk0g92\">\n<div class=\"brz-columns brz-css-1ra46p brz-css-1gnrkep\" data-brz-custom-id=\"okCth59hcjiy\">\n<div class=\"brz-column__items brz-css-1kebts5 brz-css-h0zi0g\">\n<div id=\"\" class=\"brz-css-1kbrrmn brz-css-3iz0i0 brz-wrapper\">\n<div class=\"brz-rich-text brz-rich-text__custom brz-css-zr9rq9 brz-css-1ttueox\" data-brz-custom-id=\"wwutodahvsj4\">\n<div data-brz-translate-text=\"1\">\n<p class=\"brz-text-lg-center brz-fss-lg-px brz-fw-lg-400 brz-ls-lg-0 brz-lh-lg-1_9 brz-vfw-lg-400 brz-fwdth-lg-100 brz-fsft-lg-0 brz-tp-lg-empty brz-ff-arapey brz-ft-google brz-fs-lg-40 brz-css-cEQ7A\" data-uniq-id=\"eHa9u\" data-generated-css=\"brz-css-jhO77\"><strong class=\"brz-cp-color8 brz-italic-true brz-bold-true\"><em>Arts Mystiques<\/em><\/strong><\/p>\n<\/div>\n<\/div>\n<\/div>\n<div class=\"brz-row__container brz-css-o8doy1 brz-css-a2ou10\" data-brz-custom-id=\"lTUvzzFRSH4L\">\n<div class=\"brz-row brz-row--inner brz-css-1unb6tb brz-css-jlfi6k brz-css-1jn3fyp\">\n<div class=\"brz-columns brz-css-1ra46p brz-css-awdq3q\" data-brz-custom-id=\"zGn6l7QsDbIQ\">\n<div class=\"brz-column__items brz-css-1kebts5 brz-css-1r5vqga\">\n<div class=\"brz-wrapper-clone brz-flex-xs-wrap brz-css-70rb96 brz-css-2l15cb\" data-brz-custom-id=\"gfniqAGgZZ57\">\n<div class=\"brz-icon__container\" data-brz-custom-id=\"nGs04YWECeTu\"><span class=\"brz-icon brz-span brz-css-1luzozq brz-css-s1fphk\"><\/span><\/div>\n<\/div>\n<div id=\"\" class=\"brz-css-1kbrrmn brz-css-1199bey brz-wrapper\">\n<div class=\"brz-rich-text brz-rich-text__custom brz-css-zr9rq9 brz-css-qdhqkl\" data-brz-custom-id=\"xdIeYQZS_sqF\">\n<div data-brz-translate-text=\"1\">\n<p class=\"brz-text-lg-center brz-tp-lg-empty brz-ff-arapey brz-ft-google brz-fs-lg-24 brz-fss-lg-px brz-fw-lg-400 brz-ls-lg-0 brz-lh-lg-1_9 brz-vfw-lg-400 brz-fwdth-lg-100 brz-fsft-lg-0 brz-css-bjTgL\" data-uniq-id=\"l3OOT\" data-generated-css=\"brz-css-hmlZO\"><a class=\"brz-cp-color8 brz-italic-true link--anchor\" href=\"#6c8efe2ffd1f389b5be1_joSouelXc3At\" data-brz-link-type=\"anchor\"><em>(+33) 0601057145<\/em><\/a><\/p>\n<\/div>\n<\/div>\n<\/div>\n<\/div>\n<\/div>\n<div class=\"brz-columns brz-css-1ra46p brz-css-9nrv3a\" data-brz-custom-id=\"fjwgQi150ira\">\n<div class=\"brz-column__items brz-css-1kebts5 brz-css-7dg223\">\n<div class=\"brz-wrapper-clone brz-flex-xs-wrap brz-css-70rb96 brz-css-1ln6r2j\" data-brz-custom-id=\"l3aKGDGHKLpm\">\n<div class=\"brz-icon__container\" data-brz-custom-id=\"kVWVUPTsf12T\"><span class=\"brz-icon brz-span brz-css-1luzozq brz-css-8lgqcq\"><\/span><\/div>\n<\/div>\n<div id=\"\" class=\"brz-css-1kbrrmn brz-css-wjpvkj brz-wrapper\">\n<div class=\"brz-rich-text brz-rich-text__custom brz-css-zr9rq9 brz-css-14fuld2\" data-brz-custom-id=\"d1YJ9yujwXh9\">\n<div data-brz-translate-text=\"1\">\n<p data-uniq-id=\"a2wya\" data-generated-css=\"brz-css-xxUaL\" class=\"brz-tp-lg-empty brz-ff-arapey brz-ft-google brz-fs-lg-24 brz-fss-lg-px brz-fw-lg-400 brz-ls-lg-0 brz-lh-lg-1_9 brz-vfw-lg-400 brz-fwdth-lg-100 brz-fsft-lg-0 brz-text-lg-center brz-css-fwUiw\"><em class=\"brz-cp-color8 brz-italic-true\">23 Rue du Faubourg St Jean, <\/em><\/p>\n<p data-uniq-id=\"zck7s\" data-generated-css=\"brz-css-kHqNc\" class=\"brz-tp-lg-empty brz-ff-arapey brz-ft-google brz-fs-lg-24 brz-fss-lg-px brz-fw-lg-400 brz-ls-lg-0 brz-lh-lg-1_9 brz-vfw-lg-400 brz-fwdth-lg-100 brz-fsft-lg-0 brz-text-lg-center brz-css-yiaT9\"><em class=\"brz-cp-color8 brz-italic-true\">46300 Le Vigan en Quercy<\/em><\/p>\n<\/div>\n<\/div>\n<\/div>\n<\/div>\n<\/div>\n<div class=\"brz-columns brz-css-1ra46p brz-css-15pju00\" data-brz-custom-id=\"uRU4Qa2hn0NN\">\n<div class=\"brz-column__items brz-css-1kebts5 brz-css-9l068m\">\n<div class=\"brz-wrapper-clone brz-flex-xs-wrap brz-css-70rb96 brz-css-12yapb6\" data-brz-custom-id=\"xYOAHxvg3KTb\">\n<div class=\"brz-icon__container\" data-brz-custom-id=\"nHH_ULgIn3sp\"><span class=\"brz-icon brz-span brz-css-1luzozq brz-css-1ks57gb\"><\/span><\/div>\n<\/div>\n<div id=\"\" class=\"brz-css-1kbrrmn brz-css-1ntzhtw brz-wrapper\">\n<div class=\"brz-rich-text brz-rich-text__custom brz-css-zr9rq9 brz-css-csuvht\" data-brz-custom-id=\"qFTHbbTpSFgh\">\n<div data-brz-translate-text=\"1\">\n<p class=\"brz-text-lg-center brz-fss-lg-px brz-fw-lg-400 brz-ls-lg-0 brz-lh-lg-1_9 brz-vfw-lg-400 brz-fwdth-lg-100 brz-fsft-lg-0 brz-tp-lg-empty brz-ff-arapey brz-ft-google brz-fs-lg-24 brz-css-sQQC3\" data-uniq-id=\"q62vB\" data-generated-css=\"brz-css-ryfLZ\"><em class=\"brz-cp-color8 brz-italic-true\">artsmystiques46@gmail.com<\/em><\/p>\n<\/div>\n<\/div>\n<\/div>\n<\/div>\n<\/div>\n<\/div>\n<\/div>\n<\/div>\n<\/div>\n<\/div>\n<\/div>\n<div class=\"brz-row__container brz-css-o8doy1 brz-css-le1pyp\" data-brz-custom-id=\"z0lHXUzy8Qox\">\n<div class=\"brz-row brz-css-1unb6tb brz-css-jlfi6k brz-css-19vvhgt\">\n<div class=\"brz-columns brz-css-1ra46p brz-css-1v1jwrh\" data-brz-custom-id=\"afsDA8LnlcAQ\">\n<div class=\"brz-column__items brz-css-1kebts5 brz-css-1btzpd\">\n<div class=\"brz-wrapper-clone brz-flex-xs-wrap brz-css-70rb96 brz-css-zhwm0y\" data-brz-custom-id=\"oV47LK7Nqmnj\">\n<div class=\"brz-icon__container\" data-brz-custom-id=\"hEho2vvVdj_h\"><a class=\"brz-a\" href=\"https:\/\/www.facebook.com\/p\/Arts-Mystiques-61556306606530\/\" target=\"_blank\" rel=\"noopener\" data-brz-link-type=\"external\"><span class=\"brz-icon brz-span brz-css-1luzozq brz-css-zcyv04\"><\/span><\/a><\/div>\n<\/div>\n<\/div>\n<\/div>\n<div class=\"brz-columns brz-css-1ra46p brz-css-qwdile\" data-brz-custom-id=\"hw2AtpLec9Gb\">\n<div class=\"brz-column__items brz-css-1kebts5 brz-css-7w0jf6\">\n<div class=\"brz-wrapper-clone brz-flex-xs-wrap brz-css-70rb96 brz-css-4el55k\" data-brz-custom-id=\"wi3ENIHA9W4p\">\n<div class=\"brz-icon__container\" data-brz-custom-id=\"cdqBaEARD5t5\"><a class=\"brz-a\" href=\"https:\/\/www.instagram.com\/Arts_Mystiques\/#\" target=\"_blank\" rel=\"noopener\" data-brz-link-type=\"external\"><span class=\"brz-icon brz-span brz-css-1luzozq brz-css-iue5k7\"><\/span><\/a><\/div>\n<\/div>\n<\/div>\n<\/div>\n<\/div>\n<\/div>\n<div id=\"\" class=\"brz-css-1kbrrmn brz-css-airkt3 brz-wrapper\">\n<div class=\"brz-rich-text brz-rich-text__custom brz-css-zr9rq9 brz-css-b0g63y\" data-brz-custom-id=\"m6AH73hegbsp\">\n<div data-brz-translate-text=\"1\">\n<p class=\"brz-text-lg-center brz-tp-lg-empty brz-ff-arapey brz-ft-google brz-fs-lg-20 brz-fss-lg-px brz-fw-lg-400 brz-ls-lg-0 brz-lh-lg-1_9 brz-vfw-lg-400 brz-fwdth-lg-100 brz-fsft-lg-0 brz-css-ktmWi\" data-uniq-id=\"jcF4d\" data-generated-css=\"brz-css-moGrS\"><a class=\"brz-cp-color8 brz-italic-true link--page\" href=\"https:\/\/arts-mystiques.fr\/?page_id=6\" data-brz-link-type=\"page\"><em>Conditions g\u00e9n\u00e9rales<\/em><\/a><\/p>\n<\/div>\n<\/div>\n<\/div>\n<div id=\"\" class=\"brz-css-1kbrrmn brz-css-1mpv2d4 brz-wrapper\">\n<div class=\"brz-rich-text brz-rich-text__custom brz-css-zr9rq9 brz-css-1pojrgp\" data-brz-custom-id=\"mmxlE8Ss1LsK\">\n<div data-brz-translate-text=\"1\">\n<p class=\"brz-text-lg-center brz-fss-lg-px brz-fw-lg-400 brz-ls-lg-0 brz-lh-lg-1_9 brz-vfw-lg-400 brz-fwdth-lg-100 brz-fsft-lg-0 brz-tp-lg-empty brz-ff-arapey brz-ft-google brz-fs-lg-18 brz-css-vV81t\" data-uniq-id=\"wNIQB\" data-generated-css=\"brz-css-uHEx5\"><em class=\"brz-cp-color8 brz-italic-true\">COPYRIGHTS, ALL RIGHTS RESERVED<\/em><\/p>\n<\/div>\n<\/div>\n<\/div>\n<div id=\"\" class=\"brz-css-1kbrrmn brz-css-czj4ua brz-wrapper\">\n<div class=\"brz-rich-text brz-rich-text__custom brz-css-zr9rq9 brz-css-wubyng\" data-brz-custom-id=\"eizoyYzZrw_1\">\n<div data-brz-translate-text=\"1\">\n<p class=\"brz-text-lg-center brz-fss-lg-px brz-fw-lg-400 brz-ls-lg-0 brz-lh-lg-1_9 brz-vfw-lg-400 brz-fwdth-lg-100 brz-fsft-lg-0 brz-tp-lg-empty brz-ff-arapey brz-ft-google brz-fs-lg-18 brz-css-uF2O4\" data-uniq-id=\"r62v6\" data-generated-css=\"brz-css-tpelz\"><em class=\"brz-cp-color8 brz-italic-true\">Site r\u00e9alis\u00e9 par Cl\u00e9ment LEMAIRE, LCAMarketing<\/em><\/p>\n<\/div>\n<\/div>\n<\/div>\n<\/div>\n<\/div>\n<\/section><\/div>\n<p><!-- version:1763819866 --><\/p>\n","protected":false},"excerpt":{"rendered":"<p>Accueil Tatouages La boutique Prestations Tatouages sacr\u00e9s Lecture d&rsquo;\u00e2me Les soir\u00e9es mystiques Soin vibratoire Contact Prestations Les diff\u00e9rentes prestations que je propose : Lecture d&rsquo;\u00e2me Les soir\u00e9es mystiques Soin vibratoire Tatouages sacr\u00e9s Arts Mystiques (+33) 0601057145 23 Rue du Faubourg St Jean, 46300 Le Vigan en Quercy artsmystiques46@gmail.com Conditions g\u00e9n\u00e9rales COPYRIGHTS, ALL RIGHTS RESERVED Site [&hellip;]<\/p>\n","protected":false},"author":1,"featured_media":0,"parent":0,"menu_order":0,"comment_status":"closed","ping_status":"closed","template":"brizy-blank-template.php","meta":{"footnotes":""},"class_list":["post-185","page","type-page","status-publish","hentry"],"jetpack_sharing_enabled":true,"brizy_media":[{"id":164,"url":"https:\/\/arts-mystiques.fr\/wp-content\/uploads\/2025\/06\/Design-sans-titre-16.png","name":"Design-sans-titre-16.png","meta":{"brizy_attachment_uid":"wp-11cb41564b7e21e4be650138f5feadfd.png","brizy_post_uid":["cfca118188bff1eee9e129bd86736955","01bc5fc323b12198b2faf19cfa723a22","16bf1a79689af2ed3570ecbe30bccdb2","aa345922a4b2faaebd99b2636c65af9f","d88c2aacaf49aac9eb3192e8f768c0c7","4c3de11236f88a5a58fd5b888a52aae3","973e3036551c3a163cf312353895e191","ff55e496a4e9865cc18c441ff4f25d6d","2a5c78715646ec6df55003bc63b1be9c","7540cb9d7e049c4cb74e232c2ef6b153"]}},{"id":168,"url":"https:\/\/arts-mystiques.fr\/wp-content\/uploads\/2025\/06\/Arts-4.png","name":"Arts-4.png","meta":{"brizy_attachment_uid":"wp-96a176c26c67dac8e2eb8e47c3afc79c.png","brizy_post_uid":["cfca118188bff1eee9e129bd86736955","01bc5fc323b12198b2faf19cfa723a22","16bf1a79689af2ed3570ecbe30bccdb2","aa345922a4b2faaebd99b2636c65af9f","d88c2aacaf49aac9eb3192e8f768c0c7","7cc32483ffb599cc935ffb5f0de133be","4c3de11236f88a5a58fd5b888a52aae3","973e3036551c3a163cf312353895e191","ff55e496a4e9865cc18c441ff4f25d6d","2a5c78715646ec6df55003bc63b1be9c","7540cb9d7e049c4cb74e232c2ef6b153"]}},{"id":749,"url":"https:\/\/arts-mystiques.fr\/wp-content\/uploads\/2025\/09\/Arts-6.png","name":"Arts-6.png","meta":{"brizy_attachment_uid":"wp-618b45f03481c63542ce689892ba33aa.png","brizy_post_uid":["aa345922a4b2faaebd99b2636c65af9f","4c3de11236f88a5a58fd5b888a52aae3","ff55e496a4e9865cc18c441ff4f25d6d","7cc32483ffb599cc935ffb5f0de133be","01bc5fc323b12198b2faf19cfa723a22","2a5c78715646ec6df55003bc63b1be9c","16bf1a79689af2ed3570ecbe30bccdb2","973e3036551c3a163cf312353895e191","cfca118188bff1eee9e129bd86736955","ce831e1072deacd43da2e448c0aeee09"]}},{"id":773,"url":"https:\/\/arts-mystiques.fr\/wp-content\/uploads\/2025\/10\/Design-sans-titre-19.png","name":"Design-sans-titre-19.png","meta":{"brizy_attachment_uid":"wp-4b7c664c035e997752ef8570e5ecd3f6.png","brizy_post_uid":["cfca118188bff1eee9e129bd86736955","aa345922a4b2faaebd99b2636c65af9f","d88c2aacaf49aac9eb3192e8f768c0c7","01bc5fc323b12198b2faf19cfa723a22","16bf1a79689af2ed3570ecbe30bccdb2","973e3036551c3a163cf312353895e191","4c3de11236f88a5a58fd5b888a52aae3","2a5c78715646ec6df55003bc63b1be9c","ff55e496a4e9865cc18c441ff4f25d6d"]}}],"_links":{"self":[{"href":"https:\/\/arts-mystiques.fr\/index.php?rest_route=\/wp\/v2\/pages\/185","targetHints":{"allow":["GET"]}}],"collection":[{"href":"https:\/\/arts-mystiques.fr\/index.php?rest_route=\/wp\/v2\/pages"}],"about":[{"href":"https:\/\/arts-mystiques.fr\/index.php?rest_route=\/wp\/v2\/types\/page"}],"author":[{"embeddable":true,"href":"https:\/\/arts-mystiques.fr\/index.php?rest_route=\/wp\/v2\/users\/1"}],"replies":[{"embeddable":true,"href":"https:\/\/arts-mystiques.fr\/index.php?rest_route=%2Fwp%2Fv2%2Fcomments&post=185"}],"version-history":[{"count":30,"href":"https:\/\/arts-mystiques.fr\/index.php?rest_route=\/wp\/v2\/pages\/185\/revisions"}],"predecessor-version":[{"id":832,"href":"https:\/\/arts-mystiques.fr\/index.php?rest_route=\/wp\/v2\/pages\/185\/revisions\/832"}],"wp:attachment":[{"href":"https:\/\/arts-mystiques.fr\/index.php?rest_route=%2Fwp%2Fv2%2Fmedia&parent=185"}],"curies":[{"name":"wp","href":"https:\/\/api.w.org\/{rel}","templated":true}]}}