{"id":354,"date":"2025-08-07T08:20:55","date_gmt":"2025-08-07T08:20:55","guid":{"rendered":"https:\/\/arts-mystiques.fr\/?page_id=354"},"modified":"2026-03-15T06:22:53","modified_gmt":"2026-03-15T06:22:53","slug":"tatouages-sacres","status":"publish","type":"page","link":"https:\/\/arts-mystiques.fr\/?page_id=354","title":{"rendered":"Tatouages sacr\u00e9s"},"content":{"rendered":"<div class=\"brz brz-root__container brz-reset-all brz-root__container-page\">\n<section id=\"f2DJh0CuErjz_f2DJh0CuErjz\" class=\"brz-section brz-css-1hns7pj brz-css-1t4sg8i\">\n<div class=\"brz-section__content brz-section--boxed brz-css-1a3hpij brz-css-1njk47k\" data-brz-custom-id=\"cTb8_jv_RWba\">\n<div class=\"brz-bg\">\n<div class=\"brz-bg-color\"><\/div>\n<\/div>\n<div class=\"brz-container brz-css-1xolid0 brz-css-1udn7vn\">\n<div class=\"brz-row__container brz-css-uzwo4h brz-css-uirgl9\" data-brz-custom-id=\"d0Waj6Row0mY\">\n<div class=\"brz-row brz-css-1oy4qgm brz-css-9vt9n7 brz-css-tpo6db\">\n<div class=\"brz-columns brz-css-1qj8gjl brz-css-1pjay2f\" data-brz-custom-id=\"me7TEFz88BKC\">\n<div class=\"brz-column__items brz-css-15ryxjw brz-css-1ho0mmt\"><\/div>\n<\/div>\n<div class=\"brz-columns brz-css-1qj8gjl brz-css-6ne0p8\" data-brz-custom-id=\"l2ESlUgdsKy8\">\n<div class=\"brz-column__items brz-css-15ryxjw brz-css-dtrt9z\">\n<div class=\"brz-row__container brz-css-uzwo4h brz-css-1g60yri\" data-brz-custom-id=\"lyY64dcCzWU_\">\n<div class=\"brz-row brz-row--inner brz-css-1oy4qgm brz-css-9vt9n7 brz-css-yuovm\">\n<div class=\"brz-columns brz-css-1qj8gjl brz-css-knazmx\" data-brz-custom-id=\"qhRkejyY0rLr\">\n<div class=\"brz-column__items brz-css-15ryxjw brz-css-2y2udk\">\n<div class=\"brz-wrapper-clone brz-flex-xs-wrap brz-css-jfrbep brz-css-1xcoqqd\" data-brz-custom-id=\"qg0t8GeDPxqI\">\n<div class=\"brz-icon__container\" data-brz-custom-id=\"lwLKDWw4Yeqp\"><span class=\"brz-icon brz-span brz-css-872qjk brz-css-12hq6as\"><\/span><\/div>\n<\/div>\n<\/div>\n<\/div>\n<div class=\"brz-columns brz-css-1qj8gjl brz-css-1rvedgh\" data-brz-custom-id=\"iVT2jQhhkXkC\">\n<div class=\"brz-column__items brz-css-15ryxjw brz-css-zmsqig\">\n<div class=\"brz-wrapper-clone brz-flex-xs-wrap brz-css-jfrbep brz-css-tsmilt\" data-brz-custom-id=\"cmET2u5wAKdc\">\n<div class=\"brz-icon__container\" data-brz-custom-id=\"gV2rIO5KFAE7\"><span class=\"brz-icon brz-span brz-css-872qjk brz-css-1dl3o99\"><\/span><\/div>\n<\/div>\n<\/div>\n<\/div>\n<\/div>\n<\/div>\n<\/div>\n<\/div>\n<\/div>\n<\/div>\n<div class=\"brz-row__container brz-css-uzwo4h brz-css-1l0lg0o\" data-brz-custom-id=\"pgCoiAN2nwfu\">\n<div class=\"brz-row brz-css-1oy4qgm brz-css-9vt9n7 brz-css-1htf7ix\">\n<div class=\"brz-columns brz-css-1qj8gjl brz-css-167a4by\" data-brz-custom-id=\"yLZSPGPbqOhn\">\n<div class=\"brz-column__items brz-css-15ryxjw brz-css-1nrrtc2\">\n<div id=\"\" class=\"brz-css-1790uaw brz-css-es77kq brz-wrapper\">\n<div class=\"brz-image brz-css-n2n09f brz-css-1k4vga9\" data-brz-custom-id=\"hHrLEzbSLw9Q\"><a class=\"brz-a\" href=\"https:\/\/arts-mystiques.fr\/\" target=\"_self\" rel=\"noopener\" data-brz-link-type=\"page\"><img data-recalc-dims=\"1\" decoding=\"async\" class=\"brz-img\" src=\"https:\/\/i0.wp.com\/arts-mystiques.fr\/wp-content\/uploads\/2025\/09\/Arts-6.png?w=1300&#038;ssl=1\" loading=\"lazy\" alt=\"\" title=\"Arts (6)\"><\/a><\/div>\n<\/div>\n<\/div>\n<\/div>\n<div class=\"brz-columns brz-css-1qj8gjl brz-css-d0b1ld\" data-brz-custom-id=\"wjK16lZR6izJ\">\n<div class=\"brz-column__items brz-css-15ryxjw brz-css-ye89io\">\n<div id=\"\" class=\"brz-css-1790uaw brz-css-1q8qydp brz-wrapper\">\n<div class=\"brz-menu-simple brz-css-ujpskt brz-css-1di2h2c\">\n<div class=\"brz-menu-simple__toggle brz-menu-simple__toggle--mobile\"><label class=\"brz-menu-simple__icon\" for=\"brz-menu-simple__btn-lHg3O\"><span class=\"brz-menu-simple__icon--bars\"><\/span><\/label><\/p>\n<div style=\"min-height:20px\">\n<div class=\"menu-menu-principal-container\">\n<ul id=\"menu-menu-principal\" class=\"menu\">\n<li id=\"menu-item-53\" class=\"menu-item menu-item-type-post_type menu-item-object-page menu-item-home menu-item-53\"><a href=\"https:\/\/arts-mystiques.fr\/\">Accueil<\/a><\/li>\n<li id=\"menu-item-44\" class=\"menu-item menu-item-type-post_type menu-item-object-page menu-item-has-children menu-item-44 qodef-menu-item--narrow\"><a href=\"https:\/\/arts-mystiques.fr\/?page_id=34\">Tatouages<\/a>\n<ul class=\"sub-menu\">\n<li id=\"menu-item-363\" class=\"menu-item menu-item-type-post_type menu-item-object-page menu-item-363\"><a href=\"https:\/\/arts-mystiques.fr\/?page_id=354\">Tatouages sacr\u00e9s<\/a><\/li>\n<\/ul>\n<\/li>\n<li id=\"menu-item-46\" class=\"menu-item menu-item-type-post_type menu-item-object-page menu-item-46\"><a href=\"https:\/\/arts-mystiques.fr\/?page_id=35\">La boutique<\/a><\/li>\n<li id=\"menu-item-188\" class=\"menu-item menu-item-type-post_type menu-item-object-page menu-item-has-children menu-item-188 qodef-menu-item--narrow\"><a href=\"https:\/\/arts-mystiques.fr\/?page_id=185\">Prestations<\/a>\n<ul class=\"sub-menu\">\n<li id=\"menu-item-364\" class=\"menu-item menu-item-type-post_type menu-item-object-page menu-item-364\"><a href=\"https:\/\/arts-mystiques.fr\/?page_id=356\">Lecture d&rsquo;\u00e2me<\/a><\/li>\n<li id=\"menu-item-365\" class=\"menu-item menu-item-type-post_type menu-item-object-page menu-item-365\"><a href=\"https:\/\/arts-mystiques.fr\/?page_id=357\">Les soir\u00e9es mystiques<\/a><\/li>\n<li id=\"menu-item-366\" class=\"menu-item menu-item-type-post_type menu-item-object-page menu-item-366\"><a href=\"https:\/\/arts-mystiques.fr\/?page_id=358\">Soins vibratoires<\/a><\/li>\n<\/ul>\n<\/li>\n<li id=\"menu-item-49\" class=\"menu-item menu-item-type-post_type menu-item-object-page menu-item-49\"><a href=\"https:\/\/arts-mystiques.fr\/?page_id=38\">Contact<\/a><\/li>\n<\/ul>\n<\/div>\n<\/div>\n<\/div>\n<\/div>\n<\/div>\n<\/div>\n<\/div>\n<\/div>\n<\/div>\n<\/div>\n<\/div>\n<\/section>\n<section id=\"ikD5AlG6LVva_ikD5AlG6LVva\" class=\"brz-section brz-css-e8lpkt brz-css-duvliu\">\n<div class=\"brz-section__content brz-section--boxed brz-css-3vbntp brz-css-1auy45i\" data-brz-custom-id=\"qK5EdbxgFXDV\">\n<div class=\"brz-bg\">\n<div class=\"brz-bg-image\"><\/div>\n<div class=\"brz-bg-color\"><\/div>\n<div class=\"brz-bg-shape brz-bg-shape__top\"><\/div>\n<\/div>\n<div class=\"brz-container brz-css-uuy0ug brz-css-1l4zyke\">\n<div id=\"\" class=\"brz-css-4l9gv3 brz-css-97whks brz-wrapper\">\n<div class=\"brz-rich-text brz-rich-text__custom brz-css-1lmu6k7 brz-css-1hqtph8\" data-brz-custom-id=\"lU85vSwAdjj6\">\n<div data-brz-translate-text=\"1\">\n<p class=\"brz-text-lg-center brz-tp-lg-empty brz-ff-arapey brz-ft-google brz-fs-lg-25 brz-fss-lg-px brz-fw-lg-400 brz-ls-lg-0 brz-lh-lg-1_9 brz-vfw-lg-400 brz-fwdth-lg-100 brz-fsft-lg-0 brz-css-yRlFf\" data-uniq-id=\"lRN6t\" data-generated-css=\"brz-css-x0r16\"><em class=\"brz-italic-true brz-cp-color8\">Un rituel de transformation et un talisman personnel dans l&rsquo;atmosph\u00e8re intime et myst\u00e9rieuse d&rsquo;une chaumi\u00e8re de sorci\u00e8re.<\/em><\/p>\n<p class=\"brz-text-lg-center brz-tp-lg-empty brz-ff-arapey brz-ft-google brz-fs-lg-25 brz-fss-lg-px brz-fw-lg-400 brz-ls-lg-0 brz-lh-lg-1_9 brz-vfw-lg-400 brz-fwdth-lg-100 brz-fsft-lg-0 brz-css-iTa0B\" data-uniq-id=\"ofB8s\" data-generated-css=\"brz-css-x_MRP\"><em class=\"brz-italic-true brz-cp-color8\"> Cette exp\u00e9rience unique commence par une lecture d&rsquo;\u00e2me, o\u00f9 nous remontons ensemble dans tes vies ant\u00e9rieures. Tu recevras ensuite un soin vibratoire pour harmoniser tes \u00e9nergies, suivi d&rsquo;une guidance actuelle qui \u00e9claire ton chemin pr\u00e9sent.<\/em><\/p>\n<p class=\"brz-text-lg-center brz-tp-lg-empty brz-ff-arapey brz-ft-google brz-fs-lg-25 brz-fss-lg-px brz-fw-lg-400 brz-ls-lg-0 brz-lh-lg-1_9 brz-vfw-lg-400 brz-fwdth-lg-100 brz-fsft-lg-0 brz-css-klJrB\" data-uniq-id=\"cpXca\" data-generated-css=\"brz-css-tBNf2\"><em class=\"brz-italic-true brz-cp-color8\">Un rituel personnalis\u00e9 vient ensuite sceller ce voyage, ouvrant la voie \u00e0 la cr\u00e9ation de ton tatouage sacr\u00e9. Celui-ci est dessin\u00e9 en r\u00e9sonance avec ta trame de vie ant\u00e9rieure, ou bien \u00e0 partir de symboliques dict\u00e9es par ton \u00e2me. Chaque ligne, chaque motif devient une encre vivante, porteuse de sens et de puissance. <\/em><\/p>\n<p class=\"brz-text-lg-center brz-tp-lg-empty brz-ff-arapey brz-ft-google brz-fs-lg-25 brz-fss-lg-px brz-fw-lg-400 brz-ls-lg-0 brz-lh-lg-1_9 brz-vfw-lg-400 brz-fwdth-lg-100 brz-fsft-lg-0 brz-css-zyrTH\" data-uniq-id=\"esAxi\" data-generated-css=\"brz-css-ymFwM\"><em class=\"brz-italic-true brz-cp-color8\"> Tout se d\u00e9roule dans une \u00e9coute bienveillante, dans le respect et la confidentialit\u00e9.<\/em><\/p>\n<p class=\"brz-text-lg-center brz-tp-lg-empty brz-ff-arapey brz-ft-google brz-fs-lg-25 brz-fss-lg-px brz-fw-lg-400 brz-ls-lg-0 brz-lh-lg-1_9 brz-vfw-lg-400 brz-fwdth-lg-100 brz-fsft-lg-0 brz-css-eCmUW\" data-uniq-id=\"i4vAv\" data-generated-css=\"brz-css-mpqXk\"><em class=\"brz-italic-true brz-cp-color8\">L&rsquo;espace est pr\u00e9par\u00e9 comme un sanctuaire : encens, silence, th\u00e9 partag\u00e9 pour accompagner ce moment hors du temps. <\/em><\/p>\n<p class=\"brz-text-lg-center brz-tp-lg-empty brz-ff-arapey brz-ft-google brz-fs-lg-25 brz-fss-lg-px brz-fw-lg-400 brz-ls-lg-0 brz-lh-lg-1_9 brz-vfw-lg-400 brz-fwdth-lg-100 brz-fsft-lg-0 brz-css-dGVVd\" data-uniq-id=\"jejk2\" data-generated-css=\"brz-css-ec3zh\"><em class=\"brz-italic-true brz-cp-color8\">Dur\u00e9e totale requise : <\/em><strong class=\"brz-italic-true brz-cp-color8\"><em>3h \u00e0 4h<\/em><\/strong><\/p>\n<p class=\"brz-text-lg-center brz-tp-lg-empty brz-ff-arapey brz-ft-google brz-fs-lg-25 brz-fss-lg-px brz-fw-lg-400 brz-ls-lg-0 brz-lh-lg-1_9 brz-vfw-lg-400 brz-fwdth-lg-100 brz-fsft-lg-0 brz-css-aowK7\" data-uniq-id=\"mWoVg\" data-generated-css=\"brz-css-kl7RR\"><em class=\"brz-italic-true brz-cp-color8\">Tarif : <\/em><strong class=\"brz-italic-true brz-cp-color8\"><em>350\u20ac <\/em><\/strong><\/p>\n<p class=\"brz-fs-lg-24 brz-ft-google brz-ff-arapey brz-tp-lg-empty brz-fsft-lg-0 brz-fwdth-lg-100 brz-vfw-lg-400 brz-lh-lg-1_9 brz-ls-lg-0 brz-fw-lg-400 brz-fss-lg-px brz-css-nQbHt\" data-uniq-id=\"a8xwh\" data-generated-css=\"brz-css-tHwL2\"><em class=\"brz-italic-true brz-cp-color8\"> <\/em><\/p>\n<p class=\"brz-fs-lg-24 brz-ft-google brz-ff-arapey brz-tp-lg-empty brz-fsft-lg-0 brz-fwdth-lg-100 brz-vfw-lg-400 brz-lh-lg-1_9 brz-ls-lg-0 brz-fw-lg-400 brz-fss-lg-px brz-text-lg-center brz-css-v65H7\" data-uniq-id=\"q21Ug\" data-generated-css=\"brz-css-r9E4V\"><em class=\"brz-italic-true brz-cp-color8\">PHOTOS SUR DEMANDE POUR DES RAISONS DE CONFIDENTIALIT\u00c9. <\/em><\/p>\n<\/div>\n<\/div>\n<\/div>\n<div id=\"\" class=\"brz-css-4l9gv3 brz-css-wrvd9d brz-css-12ypriq brz-wrapper\">\n<div class=\"brz-spacer brz-css-ytwu98 brz-css-tia34o\"><\/div>\n<\/div>\n<div class=\"brz-wrapper-clone brz-flex-xs-wrap brz-css-k5fz8 brz-css-kduyzo\" data-brz-custom-id=\"xzw7oHISeQeH\"><a class=\"brz-a brz-btn brz-css-1yz3u2n brz-css-twd3kw brz-css-13ibwwy brz-css-89qwv7\" href=\"https:\/\/arts-mystiques.fr\/?page_id=38\" target=\"_self\" rel=\"noopener\" data-brz-link-type=\"page\" data-brz-custom-id=\"pIIAw9YkgnHX\"><span data-brz-translate-text=\"1\" class=\"brz-span brz-text__editor\">Contacte moi<\/span><\/a><\/div>\n<\/div>\n<\/div>\n<\/section>\n<section id=\"a0fffb3f336c415afb1b_sBcsBzFZbU0Q\" class=\"brz-section brz-css-plqgqt brz-css-kpz4wr\">\n<div class=\"brz-section__content brz-section--boxed brz-css-13kl3x9 brz-css-1gbmoob\" data-brz-custom-id=\"e7uSoNxAc8hB\">\n<div class=\"brz-bg\">\n<div class=\"brz-bg-color\"><\/div>\n<\/div>\n<div class=\"brz-container brz-css-kiz6ax brz-css-1je0iep\">\n<div class=\"brz-row__container brz-css-14khdlk brz-css-1mxuo5c\" data-brz-custom-id=\"cIXoi4jH3wlE\">\n<div class=\"brz-row brz-css-c6de6x brz-css-fkrz4b brz-css-epj8ne\">\n<div class=\"brz-columns brz-css-1ut3wmx brz-css-1cjwa7q\" data-brz-custom-id=\"uWzS2pejBkvG\">\n<div class=\"brz-column__items brz-css-19nrct9 brz-css-1kahj1f\">\n<div id=\"\" class=\"brz-css-1s88sgv brz-css-145gy3w brz-wrapper\">\n<div class=\"brz-rich-text brz-rich-text__custom brz-css-wzl5s1 brz-css-1f3x3la\" data-brz-custom-id=\"capAiyIPjjoZ\">\n<div data-brz-translate-text=\"1\">\n<p class=\"brz-text-lg-center brz-fss-lg-px brz-fw-lg-400 brz-ls-lg-0 brz-lh-lg-1_9 brz-vfw-lg-400 brz-fwdth-lg-100 brz-fsft-lg-0 brz-tp-lg-empty brz-ff-arapey brz-ft-google brz-fs-lg-40 brz-css-wAs8w\" data-uniq-id=\"oBCEU\" data-generated-css=\"brz-css-kROio\"><strong class=\"brz-cp-color8 brz-italic-true brz-bold-true\"><em>Arts Mystiques<\/em><\/strong><\/p>\n<\/div>\n<\/div>\n<\/div>\n<div class=\"brz-row__container brz-css-14khdlk brz-css-epnibc\" data-brz-custom-id=\"drDwWzLg3zNW\">\n<div class=\"brz-row brz-row--inner brz-css-c6de6x brz-css-fkrz4b brz-css-7gllo1\">\n<div class=\"brz-columns brz-css-1ut3wmx brz-css-197yix8\" data-brz-custom-id=\"u127peWxnyT1\">\n<div class=\"brz-column__items brz-css-19nrct9 brz-css-x0pn35\">\n<div class=\"brz-wrapper-clone brz-flex-xs-wrap brz-css-axwhp2 brz-css-1sq98ae\" data-brz-custom-id=\"wKenaMBWPlYh\">\n<div class=\"brz-icon__container\" data-brz-custom-id=\"ewiZUy8QLzAB\"><span class=\"brz-icon brz-span brz-css-179pd93 brz-css-1325rry\"><\/span><\/div>\n<\/div>\n<div id=\"\" class=\"brz-css-1s88sgv brz-css-1sompi0 brz-wrapper\">\n<div class=\"brz-rich-text brz-rich-text__custom brz-css-wzl5s1 brz-css-1coo9aj\" data-brz-custom-id=\"giJeUJjTtMYY\">\n<div data-brz-translate-text=\"1\">\n<p class=\"brz-text-lg-center brz-tp-lg-empty brz-ff-arapey brz-ft-google brz-fs-lg-24 brz-fss-lg-px brz-fw-lg-400 brz-ls-lg-0 brz-lh-lg-1_9 brz-vfw-lg-400 brz-fwdth-lg-100 brz-fsft-lg-0 brz-css-d4ndr\" data-uniq-id=\"nFYmG\" data-generated-css=\"brz-css-pkcDM\"><a class=\"brz-cp-color8 brz-italic-true link--anchor\" href=\"#a0fffb3f336c415afb1b_sBcsBzFZbU0Q\" data-brz-link-type=\"anchor\"><em>(+33) 0601057145<\/em><\/a><\/p>\n<\/div>\n<\/div>\n<\/div>\n<\/div>\n<\/div>\n<div class=\"brz-columns brz-css-1ut3wmx brz-css-4wali8\" data-brz-custom-id=\"qE0Dn1Qk7xz8\">\n<div class=\"brz-column__items brz-css-19nrct9 brz-css-oimzfm\">\n<div class=\"brz-wrapper-clone brz-flex-xs-wrap brz-css-axwhp2 brz-css-17n9098\" data-brz-custom-id=\"ufnw4A3XTAk5\">\n<div class=\"brz-icon__container\" data-brz-custom-id=\"z1ChxBRqg_cX\"><span class=\"brz-icon brz-span brz-css-179pd93 brz-css-14dj8xs\"><\/span><\/div>\n<\/div>\n<div id=\"\" class=\"brz-css-1s88sgv brz-css-1rdli1i brz-wrapper\">\n<div class=\"brz-rich-text brz-rich-text__custom brz-css-wzl5s1 brz-css-l9cawh\" data-brz-custom-id=\"pain_W1jiUUX\">\n<div data-brz-translate-text=\"1\">\n<p class=\"brz-text-lg-center brz-tp-lg-empty brz-ff-arapey brz-ft-google brz-fs-lg-24 brz-fss-lg-px brz-fw-lg-400 brz-ls-lg-0 brz-lh-lg-1_9 brz-vfw-lg-400 brz-fwdth-lg-100 brz-fsft-lg-0 brz-css-xx2FA\" data-uniq-id=\"b4YcI\" data-generated-css=\"brz-css-k9iOD\"><em class=\"brz-cp-color8 brz-italic-true\">23 Rue du Faubourg St Jean, <\/em><\/p>\n<p class=\"brz-text-lg-center brz-tp-lg-empty brz-ff-arapey brz-ft-google brz-fs-lg-24 brz-fss-lg-px brz-fw-lg-400 brz-ls-lg-0 brz-lh-lg-1_9 brz-vfw-lg-400 brz-fwdth-lg-100 brz-fsft-lg-0 brz-css-tDjYs\" data-uniq-id=\"b4YcI\" data-generated-css=\"brz-css-k9iOD\"><em class=\"brz-cp-color8 brz-italic-true\">46300 Le Vigan en Quercy<\/em><\/p>\n<\/div>\n<\/div>\n<\/div>\n<\/div>\n<\/div>\n<div class=\"brz-columns brz-css-1ut3wmx brz-css-qeworj\" data-brz-custom-id=\"fHyfOZJ4GU6h\">\n<div class=\"brz-column__items brz-css-19nrct9 brz-css-1j5b34\">\n<div class=\"brz-wrapper-clone brz-flex-xs-wrap brz-css-axwhp2 brz-css-13u3p33\" data-brz-custom-id=\"dhiABAX8Q0jX\">\n<div class=\"brz-icon__container\" data-brz-custom-id=\"yFNd_WlhZq6h\"><span class=\"brz-icon brz-span brz-css-179pd93 brz-css-kf82ns\"><\/span><\/div>\n<\/div>\n<div id=\"\" class=\"brz-css-1s88sgv brz-css-18tj46g brz-wrapper\">\n<div class=\"brz-rich-text brz-rich-text__custom brz-css-wzl5s1 brz-css-t7bm22\" data-brz-custom-id=\"cuAXCepj_X22\">\n<div data-brz-translate-text=\"1\">\n<p class=\"brz-text-lg-center brz-fss-lg-px brz-fw-lg-400 brz-ls-lg-0 brz-lh-lg-1_9 brz-vfw-lg-400 brz-fwdth-lg-100 brz-fsft-lg-0 brz-tp-lg-empty brz-ff-arapey brz-ft-google brz-fs-lg-24 brz-css-hXfss\" data-uniq-id=\"cPKcQ\" data-generated-css=\"brz-css-u3EIZ\"><em class=\"brz-cp-color8 brz-italic-true\">artsmystiques46@gmail.com<\/em><\/p>\n<\/div>\n<\/div>\n<\/div>\n<\/div>\n<\/div>\n<\/div>\n<\/div>\n<\/div>\n<\/div>\n<\/div>\n<\/div>\n<div class=\"brz-row__container brz-css-14khdlk brz-css-12tiigp\" data-brz-custom-id=\"sNJXQjNZ6Bxw\">\n<div class=\"brz-row brz-css-c6de6x brz-css-fkrz4b brz-css-1b0qpzk\">\n<div class=\"brz-columns brz-css-1ut3wmx brz-css-8y66oh\" data-brz-custom-id=\"mz9YLLjavVXX\">\n<div class=\"brz-column__items brz-css-19nrct9 brz-css-147s0uo\">\n<div class=\"brz-wrapper-clone brz-flex-xs-wrap brz-css-axwhp2 brz-css-gv48vd\" data-brz-custom-id=\"fB9uxAnSWUFK\">\n<div class=\"brz-icon__container\" data-brz-custom-id=\"qKdMhEtmGXAD\"><a class=\"brz-a\" href=\"https:\/\/www.facebook.com\/p\/Arts-Mystiques-61556306606530\/\" target=\"_blank\" rel=\"noopener\" data-brz-link-type=\"external\"><span class=\"brz-icon brz-span brz-css-179pd93 brz-css-1c1j8d4\"><\/span><\/a><\/div>\n<\/div>\n<\/div>\n<\/div>\n<div class=\"brz-columns brz-css-1ut3wmx brz-css-7idc5f\" data-brz-custom-id=\"bDVdTDzU25Mr\">\n<div class=\"brz-column__items brz-css-19nrct9 brz-css-c7wbkd\">\n<div class=\"brz-wrapper-clone brz-flex-xs-wrap brz-css-axwhp2 brz-css-xha0g6\" data-brz-custom-id=\"jACS_b_w0iR8\">\n<div class=\"brz-icon__container\" data-brz-custom-id=\"qMxj9Ltfenop\"><a class=\"brz-a\" href=\"https:\/\/www.instagram.com\/Arts_Mystiques\/#\" target=\"_blank\" rel=\"noopener\" data-brz-link-type=\"external\"><span class=\"brz-icon brz-span brz-css-179pd93 brz-css-juhc2j\"><\/span><\/a><\/div>\n<\/div>\n<\/div>\n<\/div>\n<\/div>\n<\/div>\n<div id=\"\" class=\"brz-css-1s88sgv brz-css-1x1xivv brz-wrapper\">\n<div class=\"brz-rich-text brz-rich-text__custom brz-css-wzl5s1 brz-css-1ccd91f\" data-brz-custom-id=\"rOhJ_6b6GbeN\">\n<div data-brz-translate-text=\"1\">\n<p class=\"brz-text-lg-center brz-tp-lg-empty brz-ff-arapey brz-ft-google brz-fs-lg-20 brz-fss-lg-px brz-fw-lg-400 brz-ls-lg-0 brz-lh-lg-1_9 brz-vfw-lg-400 brz-fwdth-lg-100 brz-fsft-lg-0 brz-css-uydi6\" data-uniq-id=\"whRbV\" data-generated-css=\"brz-css-mhiG4\"><a class=\"brz-cp-color8 brz-italic-true link--page\" href=\"https:\/\/arts-mystiques.fr\/?page_id=6\" data-brz-link-type=\"page\"><em>Conditions g\u00e9n\u00e9rales<\/em><\/a><\/p>\n<\/div>\n<\/div>\n<\/div>\n<div id=\"\" class=\"brz-css-1s88sgv brz-css-1pq5f3j brz-wrapper\">\n<div class=\"brz-rich-text brz-rich-text__custom brz-css-wzl5s1 brz-css-17f6bp5\" data-brz-custom-id=\"rZFf5z0IVhHh\">\n<div data-brz-translate-text=\"1\">\n<p class=\"brz-text-lg-center brz-fss-lg-px brz-fw-lg-400 brz-ls-lg-0 brz-lh-lg-1_9 brz-vfw-lg-400 brz-fwdth-lg-100 brz-fsft-lg-0 brz-tp-lg-empty brz-ff-arapey brz-ft-google brz-fs-lg-18 brz-css-yHDaf\" data-uniq-id=\"w5IFz\" data-generated-css=\"brz-css-xA7jB\"><em class=\"brz-cp-color8 brz-italic-true\">COPYRIGHTS, ALL RIGHTS RESERVED<\/em><\/p>\n<\/div>\n<\/div>\n<\/div>\n<div id=\"\" class=\"brz-css-1s88sgv brz-css-1ny3m0a brz-wrapper\">\n<div class=\"brz-rich-text brz-rich-text__custom brz-css-wzl5s1 brz-css-1nm279i\" data-brz-custom-id=\"vc0OEA0VCIpz\">\n<div data-brz-translate-text=\"1\">\n<p class=\"brz-text-lg-center brz-tp-lg-empty brz-ff-arapey brz-ft-google brz-fs-lg-18 brz-fss-lg-px brz-fw-lg-400 brz-ls-lg-0 brz-lh-lg-1_9 brz-vfw-lg-400 brz-fwdth-lg-100 brz-fsft-lg-0 brz-css-glUrM\" data-uniq-id=\"rVqZm\" data-generated-css=\"brz-css-cBNgO\"><em class=\"brz-cp-color8 brz-italic-true\">Site r\u00e9alis\u00e9 par Cl\u00e9ment LEMAIRE, LCAMarketing<\/em><\/p>\n<\/div>\n<\/div>\n<\/div>\n<\/div>\n<\/div>\n<\/section><\/div>\n<p><!-- version:1760184981 --><\/p>\n","protected":false},"excerpt":{"rendered":"<p>Accueil Tatouages Tatouages sacr\u00e9s La boutique Prestations Lecture d&rsquo;\u00e2me Les soir\u00e9es mystiques Soins vibratoires Contact Un rituel de transformation et un talisman personnel dans l&rsquo;atmosph\u00e8re intime et myst\u00e9rieuse d&rsquo;une chaumi\u00e8re de sorci\u00e8re. Cette exp\u00e9rience unique commence par une lecture d&rsquo;\u00e2me, o\u00f9 nous remontons ensemble dans tes vies ant\u00e9rieures. Tu recevras ensuite un soin vibratoire pour [&hellip;]<\/p>\n","protected":false},"author":1,"featured_media":0,"parent":0,"menu_order":0,"comment_status":"closed","ping_status":"closed","template":"brizy-blank-template.php","meta":{"footnotes":""},"class_list":["post-354","page","type-page","status-publish","hentry"],"jetpack_sharing_enabled":true,"brizy_media":[{"id":164,"url":"https:\/\/arts-mystiques.fr\/wp-content\/uploads\/2025\/06\/Design-sans-titre-16.png","name":"Design-sans-titre-16.png","meta":{"brizy_attachment_uid":"wp-11cb41564b7e21e4be650138f5feadfd.png","brizy_post_uid":["cfca118188bff1eee9e129bd86736955","01bc5fc323b12198b2faf19cfa723a22","16bf1a79689af2ed3570ecbe30bccdb2","aa345922a4b2faaebd99b2636c65af9f","d88c2aacaf49aac9eb3192e8f768c0c7","4c3de11236f88a5a58fd5b888a52aae3","973e3036551c3a163cf312353895e191","ff55e496a4e9865cc18c441ff4f25d6d","2a5c78715646ec6df55003bc63b1be9c","7540cb9d7e049c4cb74e232c2ef6b153"]}},{"id":168,"url":"https:\/\/arts-mystiques.fr\/wp-content\/uploads\/2025\/06\/Arts-4.png","name":"Arts-4.png","meta":{"brizy_attachment_uid":"wp-96a176c26c67dac8e2eb8e47c3afc79c.png","brizy_post_uid":["cfca118188bff1eee9e129bd86736955","01bc5fc323b12198b2faf19cfa723a22","16bf1a79689af2ed3570ecbe30bccdb2","aa345922a4b2faaebd99b2636c65af9f","d88c2aacaf49aac9eb3192e8f768c0c7","7cc32483ffb599cc935ffb5f0de133be","4c3de11236f88a5a58fd5b888a52aae3","973e3036551c3a163cf312353895e191","ff55e496a4e9865cc18c441ff4f25d6d","2a5c78715646ec6df55003bc63b1be9c","7540cb9d7e049c4cb74e232c2ef6b153"]}},{"id":749,"url":"https:\/\/arts-mystiques.fr\/wp-content\/uploads\/2025\/09\/Arts-6.png","name":"Arts-6.png","meta":{"brizy_attachment_uid":"wp-618b45f03481c63542ce689892ba33aa.png","brizy_post_uid":["aa345922a4b2faaebd99b2636c65af9f","4c3de11236f88a5a58fd5b888a52aae3","ff55e496a4e9865cc18c441ff4f25d6d","7cc32483ffb599cc935ffb5f0de133be","01bc5fc323b12198b2faf19cfa723a22","2a5c78715646ec6df55003bc63b1be9c","16bf1a79689af2ed3570ecbe30bccdb2","973e3036551c3a163cf312353895e191","cfca118188bff1eee9e129bd86736955","ce831e1072deacd43da2e448c0aeee09"]}},{"id":773,"url":"https:\/\/arts-mystiques.fr\/wp-content\/uploads\/2025\/10\/Design-sans-titre-19.png","name":"Design-sans-titre-19.png","meta":{"brizy_attachment_uid":"wp-4b7c664c035e997752ef8570e5ecd3f6.png","brizy_post_uid":["cfca118188bff1eee9e129bd86736955","aa345922a4b2faaebd99b2636c65af9f","d88c2aacaf49aac9eb3192e8f768c0c7","01bc5fc323b12198b2faf19cfa723a22","16bf1a79689af2ed3570ecbe30bccdb2","973e3036551c3a163cf312353895e191","4c3de11236f88a5a58fd5b888a52aae3","2a5c78715646ec6df55003bc63b1be9c","ff55e496a4e9865cc18c441ff4f25d6d"]}}],"_links":{"self":[{"href":"https:\/\/arts-mystiques.fr\/index.php?rest_route=\/wp\/v2\/pages\/354","targetHints":{"allow":["GET"]}}],"collection":[{"href":"https:\/\/arts-mystiques.fr\/index.php?rest_route=\/wp\/v2\/pages"}],"about":[{"href":"https:\/\/arts-mystiques.fr\/index.php?rest_route=\/wp\/v2\/types\/page"}],"author":[{"embeddable":true,"href":"https:\/\/arts-mystiques.fr\/index.php?rest_route=\/wp\/v2\/users\/1"}],"replies":[{"embeddable":true,"href":"https:\/\/arts-mystiques.fr\/index.php?rest_route=%2Fwp%2Fv2%2Fcomments&post=354"}],"version-history":[{"count":18,"href":"https:\/\/arts-mystiques.fr\/index.php?rest_route=\/wp\/v2\/pages\/354\/revisions"}],"predecessor-version":[{"id":791,"href":"https:\/\/arts-mystiques.fr\/index.php?rest_route=\/wp\/v2\/pages\/354\/revisions\/791"}],"wp:attachment":[{"href":"https:\/\/arts-mystiques.fr\/index.php?rest_route=%2Fwp%2Fv2%2Fmedia&parent=354"}],"curies":[{"name":"wp","href":"https:\/\/api.w.org\/{rel}","templated":true}]}}