{"id":357,"date":"2025-08-07T08:20:55","date_gmt":"2025-08-07T08:20:55","guid":{"rendered":"https:\/\/arts-mystiques.fr\/?page_id=357"},"modified":"2026-03-13T18:34:32","modified_gmt":"2026-03-13T18:34:32","slug":"les-soirees-mystiques","status":"publish","type":"page","link":"https:\/\/arts-mystiques.fr\/?page_id=357","title":{"rendered":"Les soir\u00e9es mystiques"},"content":{"rendered":"<div class=\"brz brz-root__container brz-reset-all brz-root__container-page\">\n<section id=\"vQKA5SaOJUvH_vQKA5SaOJUvH\" class=\"brz-section brz-css-zjdosj brz-css-grhaa9\">\n<div class=\"brz-section__content brz-section--boxed brz-css-e80p6r brz-css-1y9px0d\" data-brz-custom-id=\"swiS0_kZOc_C\">\n<div class=\"brz-bg\">\n<div class=\"brz-bg-color\"><\/div>\n<\/div>\n<div class=\"brz-container brz-css-1lbhzml brz-css-eoyslf\">\n<div class=\"brz-row__container brz-css-15b66m5 brz-css-xqg4am\" data-brz-custom-id=\"uGASpedc8r2H\">\n<div class=\"brz-row brz-css-1cfgosy brz-css-sovhqs brz-css-1820rpg\">\n<div class=\"brz-columns brz-css-1mp91g5 brz-css-1izy8g0\" data-brz-custom-id=\"ghuVMGTdqfbD\">\n<div class=\"brz-column__items brz-css-9wpaq brz-css-14i038n\"><\/div>\n<\/div>\n<div class=\"brz-columns brz-css-1mp91g5 brz-css-5irzvx\" data-brz-custom-id=\"wrVg7s23xWyJ\">\n<div class=\"brz-column__items brz-css-9wpaq brz-css-1u8w7a9\">\n<div class=\"brz-row__container brz-css-15b66m5 brz-css-zm9te6\" data-brz-custom-id=\"uy_wOexyxZV6\">\n<div class=\"brz-row brz-row--inner brz-css-1cfgosy brz-css-sovhqs brz-css-vig0wj\">\n<div class=\"brz-columns brz-css-1mp91g5 brz-css-1m90op4\" data-brz-custom-id=\"pTJTMQJyFyW3\">\n<div class=\"brz-column__items brz-css-9wpaq brz-css-283npl\">\n<div class=\"brz-wrapper-clone brz-flex-xs-wrap brz-css-320ejo brz-css-8wz92a\" data-brz-custom-id=\"ymMGztWcuD3g\">\n<div class=\"brz-icon__container\" data-brz-custom-id=\"yImAQ9sRcMUe\"><a class=\"brz-a\" href=\"https:\/\/www.instagram.com\/Arts_Mystiques\/#\" target=\"_blank\" rel=\"noopener noreferrer\" data-brz-link-type=\"external\"><span class=\"brz-icon brz-span brz-css-1kc7606 brz-css-5xainc\"><\/span><\/a><\/div>\n<\/div>\n<\/div>\n<\/div>\n<div class=\"brz-columns brz-css-1mp91g5 brz-css-o8g0le\" data-brz-custom-id=\"gOC4PqWxbgsv\">\n<div class=\"brz-column__items brz-css-9wpaq brz-css-18l7g4o\">\n<div class=\"brz-wrapper-clone brz-flex-xs-wrap brz-css-320ejo brz-css-68m809\" data-brz-custom-id=\"tNMdL7AwsxcT\">\n<div class=\"brz-icon__container\" data-brz-custom-id=\"ngMMB_Vf4Z3X\"><a class=\"brz-a\" href=\"https:\/\/www.facebook.com\/p\/Arts-Mystiques-61556306606530\/\" target=\"_blank\" rel=\"noopener noreferrer\" data-brz-link-type=\"external\"><span class=\"brz-icon brz-span brz-css-1kc7606 brz-css-10fg0as\"><\/span><\/a><\/div>\n<\/div>\n<\/div>\n<\/div>\n<\/div>\n<\/div>\n<\/div>\n<\/div>\n<\/div>\n<\/div>\n<div class=\"brz-row__container brz-css-15b66m5 brz-css-c8ebvd\" data-brz-custom-id=\"bJwZ2Mox5zmn\">\n<div class=\"brz-row brz-css-1cfgosy brz-css-sovhqs brz-css-9r5sm6\">\n<div class=\"brz-columns brz-css-1mp91g5 brz-css-1qjh0ee\" data-brz-custom-id=\"hx3DELi6_hhb\">\n<div class=\"brz-column__items brz-css-9wpaq brz-css-f90gsz\">\n<div id=\"\" class=\"brz-css-kw5ctd brz-css-4zaes1 brz-wrapper\">\n<div class=\"brz-image brz-css-1kt66n9 brz-css-w4o68c\" data-brz-custom-id=\"v9gqXYUhFaRb\"><a class=\"brz-a\" href=\"https:\/\/arts-mystiques.fr\/\" target=\"_self\" rel=\"noopener\" data-brz-link-type=\"page\"><img data-recalc-dims=\"1\" decoding=\"async\" class=\"brz-img\" src=\"https:\/\/i0.wp.com\/arts-mystiques.fr\/wp-content\/uploads\/2025\/09\/Arts-6.png?w=1300&#038;ssl=1\" loading=\"lazy\" alt=\"\" title=\"Arts (6)\"><\/a><\/div>\n<\/div>\n<\/div>\n<\/div>\n<div class=\"brz-columns brz-css-1mp91g5 brz-css-9020se\" data-brz-custom-id=\"ewj1uPxMSp4n\">\n<div class=\"brz-column__items brz-css-9wpaq brz-css-ti1ix2\">\n<div id=\"\" class=\"brz-css-kw5ctd brz-css-1f5je5k brz-wrapper\">\n<div class=\"brz-menu-simple brz-css-1u6ekoy brz-css-5vlxea\">\n<div class=\"brz-menu-simple__toggle brz-menu-simple__toggle--mobile\"><label class=\"brz-menu-simple__icon\" for=\"brz-menu-simple__btn-sDh21\"><span class=\"brz-menu-simple__icon--bars\"><\/span><\/label><\/p>\n<div style=\"min-height:20px\">\n<div class=\"menu-menu-principal-container\">\n<ul id=\"menu-menu-principal\" class=\"menu\">\n<li id=\"menu-item-53\" class=\"menu-item menu-item-type-post_type menu-item-object-page menu-item-home menu-item-53\"><a href=\"https:\/\/arts-mystiques.fr\/\">Accueil<\/a><\/li>\n<li id=\"menu-item-44\" class=\"menu-item menu-item-type-post_type menu-item-object-page menu-item-has-children menu-item-44 qodef-menu-item--narrow\"><a href=\"https:\/\/arts-mystiques.fr\/?page_id=34\">Tatouages<\/a>\n<ul class=\"sub-menu\">\n<li id=\"menu-item-363\" class=\"menu-item menu-item-type-post_type menu-item-object-page menu-item-363\"><a href=\"https:\/\/arts-mystiques.fr\/?page_id=354\">Tatouages sacr\u00e9s<\/a><\/li>\n<\/ul>\n<\/li>\n<li id=\"menu-item-46\" class=\"menu-item menu-item-type-post_type menu-item-object-page menu-item-46\"><a href=\"https:\/\/arts-mystiques.fr\/?page_id=35\">La boutique<\/a><\/li>\n<li id=\"menu-item-188\" class=\"menu-item menu-item-type-post_type menu-item-object-page menu-item-has-children menu-item-188 qodef-menu-item--narrow\"><a href=\"https:\/\/arts-mystiques.fr\/?page_id=185\">Prestations<\/a>\n<ul class=\"sub-menu\">\n<li id=\"menu-item-364\" class=\"menu-item menu-item-type-post_type menu-item-object-page menu-item-364\"><a href=\"https:\/\/arts-mystiques.fr\/?page_id=356\">Lecture d&rsquo;\u00e2me<\/a><\/li>\n<li id=\"menu-item-365\" class=\"menu-item menu-item-type-post_type menu-item-object-page menu-item-365\"><a href=\"https:\/\/arts-mystiques.fr\/?page_id=357\">Les soir\u00e9es mystiques<\/a><\/li>\n<li id=\"menu-item-366\" class=\"menu-item menu-item-type-post_type menu-item-object-page menu-item-366\"><a href=\"https:\/\/arts-mystiques.fr\/?page_id=358\">Soins vibratoires<\/a><\/li>\n<\/ul>\n<\/li>\n<li id=\"menu-item-49\" class=\"menu-item menu-item-type-post_type menu-item-object-page menu-item-49\"><a href=\"https:\/\/arts-mystiques.fr\/?page_id=38\">Contact<\/a><\/li>\n<\/ul>\n<\/div>\n<\/div>\n<\/div>\n<\/div>\n<\/div>\n<\/div>\n<\/div>\n<\/div>\n<\/div>\n<\/div>\n<\/div>\n<\/section>\n<section id=\"fnxpoiU1hi4k_fnxpoiU1hi4k\" class=\"brz-section brz-css-mwvv4m brz-css-3ud10o\">\n<div class=\"brz-section__content brz-section--boxed brz-css-11lpeha brz-css-1xgmm0r\" data-brz-custom-id=\"rNBNRdyBGvPi\">\n<div class=\"brz-bg\">\n<div class=\"brz-bg-image\"><\/div>\n<div class=\"brz-bg-shape brz-bg-shape__top\"><\/div>\n<\/div>\n<div class=\"brz-container brz-css-f0ab2h brz-css-uhx8s3\">\n<div class=\"brz-row__container brz-css-8lphxw brz-css-vv35sc\" data-brz-custom-id=\"a6vTeqd4vkeR\">\n<div class=\"brz-row brz-css-8n0lk2 brz-css-18qhwuk brz-css-1kxpvh\">\n<div class=\"brz-columns brz-css-qkad8q brz-css-1a8o0bt\" data-brz-custom-id=\"p8oc9LT6i6WZ\">\n<div class=\"brz-bg\">\n<div class=\"brz-bg-color\"><\/div>\n<\/div>\n<div class=\"brz-column__items brz-css-15lpvuz brz-css-1h2isb4\">\n<div id=\"\" class=\"brz-css-ort3ga brz-css-un9a4o brz-wrapper\">\n<div class=\"brz-rich-text brz-rich-text__custom brz-css-1r7zt3v brz-css-cj1sai\" data-brz-custom-id=\"lEf6SVC2b_8l\">\n<div data-brz-translate-text=\"1\">\n<p class=\"brz-fsft-lg-0 brz-fwdth-lg-100 brz-vfw-lg-400 brz-lh-lg-1_9 brz-ls-lg-0 brz-fw-lg-400 brz-fss-lg-px brz-fs-lg-25 brz-ft-google brz-ff-arapey brz-tp-lg-empty brz-css-dDcYq\" data-generated-css=\"brz-css-aZqVu\" data-uniq-id=\"maHO2\"><em class=\"brz-italic-true brz-cp-color8\">Une soir\u00e9e mystique, c&rsquo;est l&rsquo;invitation \u00e0 passer 3 \u00e0 4 heures dans une bulle hors du temps, en petit cercle intime de 6 personnes, berc\u00e9e par une atmosph\u00e8re chaleureuse, douce et sacr\u00e9e.<\/em><\/p>\n<p class=\"brz-fsft-lg-0 brz-fwdth-lg-100 brz-vfw-lg-400 brz-lh-lg-1_9 brz-ls-lg-0 brz-fw-lg-400 brz-fss-lg-px brz-fs-lg-25 brz-ft-google brz-ff-arapey brz-tp-lg-empty brz-css-xe4as\" data-generated-css=\"brz-css-o9LFX\" data-uniq-id=\"uR388\"><em class=\"brz-italic-true brz-cp-color8\">Rejoins notre cercle magique et divinatoire, o\u00f9 l&rsquo;on explore des pratiques pa\u00efennes et \u00e9sot\u00e9riques \u00e0 travers des activit\u00e9s cr\u00e9atives :<\/em><\/p>\n<ul>\n<li class=\"brz-fsft-lg-0 brz-fwdth-lg-100 brz-vfw-lg-400 brz-lh-lg-1_9 brz-ls-lg-0 brz-fw-lg-400 brz-fss-lg-px brz-fs-lg-25 brz-ft-google brz-ff-arapey brz-tp-lg-empty brz-bcp-color8 brz-css-s7yBt\" data-generated-css=\"brz-css-xU04k\" data-uniq-id=\"q9YXi\"><em class=\"brz-italic-true brz-cp-color8\">confection de b\u00e2tons de fumigation,<\/em><\/li>\n<li class=\"brz-fsft-lg-0 brz-fwdth-lg-100 brz-vfw-lg-400 brz-lh-lg-1_9 brz-ls-lg-0 brz-fw-lg-400 brz-fss-lg-px brz-fs-lg-25 brz-ft-google brz-ff-arapey brz-tp-lg-empty brz-bcp-color8 brz-css-r9b30\" data-generated-css=\"brz-css-bdA33\" data-uniq-id=\"no84A\"><em class=\"brz-italic-true brz-cp-color8\">fabrication d&rsquo;objets rituels,<\/em><\/li>\n<li class=\"brz-fsft-lg-0 brz-fwdth-lg-100 brz-vfw-lg-400 brz-lh-lg-1_9 brz-ls-lg-0 brz-fw-lg-400 brz-fss-lg-px brz-fs-lg-25 brz-ft-google brz-ff-arapey brz-tp-lg-empty brz-bcp-color8 brz-css-fjpL8\" data-generated-css=\"brz-css-oSzcD\" data-uniq-id=\"ylOT1\"><em class=\"brz-italic-true brz-cp-color8\">pr\u00e9paration d&rsquo;huiles sacr\u00e9es<\/em><\/li>\n<\/ul>\n<p class=\"brz-fsft-lg-0 brz-fwdth-lg-100 brz-vfw-lg-400 brz-lh-lg-1_9 brz-ls-lg-0 brz-fw-lg-400 brz-fss-lg-px brz-fs-lg-25 brz-ft-google brz-ff-arapey brz-tp-lg-empty brz-bcp-color7 brz-css-ektRc\" data-generated-css=\"brz-css-wgdeY\" data-uniq-id=\"fLQqm\"><em class=\"brz-italic-true brz-cp-color8\">et bien d&rsquo;autres d\u00e9couvertes selon les \u00e9nergies du moment.<\/em><\/p>\n<p class=\"brz-fsft-lg-0 brz-fwdth-lg-100 brz-vfw-lg-400 brz-lh-lg-1_9 brz-ls-lg-0 brz-fw-lg-400 brz-fss-lg-px brz-fs-lg-25 brz-ft-google brz-ff-arapey brz-tp-lg-empty brz-bcp-color7 brz-css-oemRD\" data-generated-css=\"brz-css-xsgpw\" data-uniq-id=\"ppuHC\"><em class=\"brz-italic-true brz-cp-color8\">Tu peux aussi, si tu le souhaites, recevoir un tatouage d&rsquo;intention, symbolique et personnel. Mais si ce n&rsquo;est pas ton envie, aucun souci : la soir\u00e9e t&rsquo;est tout autant ouverte.<\/em><\/p>\n<p class=\"brz-fsft-lg-0 brz-fwdth-lg-100 brz-vfw-lg-400 brz-lh-lg-1_9 brz-ls-lg-0 brz-fw-lg-400 brz-fss-lg-px brz-fs-lg-25 brz-ft-google brz-ff-arapey brz-tp-lg-empty brz-bcp-color7 brz-css-n7xDT\" data-generated-css=\"brz-css-iroJM\" data-uniq-id=\"xSBoB\"><em class=\"brz-italic-true brz-cp-color8\">Chaque soir\u00e9e est unique, guid\u00e9e par la vibration du groupe. il peut y avoir des m\u00e9ditations, des rituels, des tirages ou des moments de partages profonds.<\/em><\/p>\n<p class=\"brz-fsft-lg-0 brz-fwdth-lg-100 brz-vfw-lg-400 brz-lh-lg-1_9 brz-ls-lg-0 brz-fw-lg-400 brz-fss-lg-px brz-fs-lg-25 brz-ft-google brz-ff-arapey brz-tp-lg-empty brz-bcp-color7 brz-css-qSbUr\" data-generated-css=\"brz-css-hC8bO\" data-uniq-id=\"dNMrw\"><em class=\"brz-italic-true brz-cp-color8\">Viens vitre un moment \u00e0 part, entre magie et ancrage. <\/em><\/p>\n<p class=\"brz-fsft-lg-0 brz-fwdth-lg-100 brz-vfw-lg-400 brz-lh-lg-1_9 brz-ls-lg-0 brz-fw-lg-400 brz-fss-lg-px brz-fs-lg-25 brz-ft-google brz-ff-arapey brz-tp-lg-empty brz-bcp-color7 brz-css-n9ypo\" data-generated-css=\"brz-css-han72\" data-uniq-id=\"mtZjy\"><em class=\"brz-italic-true brz-cp-color8\">Contacte moi pour conna\u00eetre la prochaine date ou poser tes questions.  <\/em><\/p>\n<p class=\"brz-bcp-color7 brz-tp-lg-empty brz-ff-arapey brz-ft-google brz-fs-lg-25 brz-fss-lg-px brz-fw-lg-400 brz-ls-lg-0 brz-lh-lg-1_9 brz-vfw-lg-400 brz-fwdth-lg-100 brz-fsft-lg-0 brz-css-a53Mo\" data-generated-css=\"brz-css-hukRU\" data-uniq-id=\"lTNDi\"><em class=\"brz-italic-true brz-cp-color8\">Tarif : <\/em><strong class=\"brz-italic-true brz-cp-color8 brz-bold-true\"><em>50\u20ac<\/em><\/strong><\/p>\n<\/div>\n<\/div>\n<\/div>\n<\/div>\n<\/div>\n<\/div>\n<\/div>\n<div id=\"\" class=\"brz-css-ort3ga brz-css-y40a96 brz-css-1kgqljy brz-wrapper\">\n<div class=\"brz-spacer brz-css-kva9mw brz-css-14i81yi\"><\/div>\n<\/div>\n<div class=\"brz-wrapper-clone brz-flex-xs-wrap brz-css-5i36qq brz-css-1van2gl\" data-brz-custom-id=\"nifirn3sZ_Ju\"><a class=\"brz-a brz-btn brz-css-ciu2ac brz-css-or39el brz-css-58q6p9 brz-css-1yfe9a4\" href=\"https:\/\/arts-mystiques.fr\/?page_id=38\" target=\"_self\" rel=\"noopener\" data-brz-link-type=\"page\" data-brz-custom-id=\"hcAYEiZ2GZGZ\"><span data-brz-translate-text=\"1\" class=\"brz-span brz-text__editor\">Contacte moi<\/span><\/a><\/div>\n<\/div>\n<\/div>\n<\/section>\n<section id=\"7730daadd354f5b5c003_eNwe37xRaezu\" class=\"brz-section brz-css-1qll3os brz-css-ddc7fc\">\n<div class=\"brz-section__content brz-section--boxed brz-css-1uyfhji brz-css-wrwukm\" data-brz-custom-id=\"uYkwJIlVaB1c\">\n<div class=\"brz-bg\">\n<div class=\"brz-bg-color\"><\/div>\n<\/div>\n<div class=\"brz-container brz-css-9qr47l brz-css-1rmv8xy\">\n<div class=\"brz-row__container brz-css-19pbw36 brz-css-1ehw0g2\" data-brz-custom-id=\"h0S5_mgD3Xrx\">\n<div class=\"brz-row brz-css-bqcpk1 brz-css-j9iztb brz-css-w9c35z\">\n<div class=\"brz-columns brz-css-yf93et brz-css-bbfuco\" data-brz-custom-id=\"t0jCRRVlOvBR\">\n<div class=\"brz-column__items brz-css-p727hf brz-css-1j2tqaj\">\n<div id=\"\" class=\"brz-css-dmzz67 brz-css-1im3hv8 brz-wrapper\">\n<div class=\"brz-rich-text brz-rich-text__custom brz-css-8h8p45 brz-css-57eb7z\" data-brz-custom-id=\"tUsFOtNR6doS\">\n<div data-brz-translate-text=\"1\">\n<p class=\"brz-text-lg-center brz-fss-lg-px brz-fw-lg-400 brz-ls-lg-0 brz-lh-lg-1_9 brz-vfw-lg-400 brz-fwdth-lg-100 brz-fsft-lg-0 brz-tp-lg-empty brz-ff-arapey brz-ft-google brz-fs-lg-40 brz-css-eMgoA\" data-uniq-id=\"wE_I0\" data-generated-css=\"brz-css-x4F5M\"><strong class=\"brz-cp-color8 brz-italic-true brz-bold-true\"><em>Arts Mystiques<\/em><\/strong><\/p>\n<\/div>\n<\/div>\n<\/div>\n<div class=\"brz-row__container brz-css-19pbw36 brz-css-bf0euk\" data-brz-custom-id=\"zF3ASJzfwXET\">\n<div class=\"brz-row brz-row--inner brz-css-bqcpk1 brz-css-j9iztb brz-css-ob7m0\">\n<div class=\"brz-columns brz-css-yf93et brz-css-fqnq66\" data-brz-custom-id=\"rLFLLv2apkac\">\n<div class=\"brz-column__items brz-css-p727hf brz-css-kc1rwl\">\n<div class=\"brz-wrapper-clone brz-flex-xs-wrap brz-css-2mqfdu brz-css-eeahyf\" data-brz-custom-id=\"hdPFkQgshbZJ\">\n<div class=\"brz-icon__container\" data-brz-custom-id=\"ebgoBrL_ZLA5\"><span class=\"brz-icon brz-span brz-css-16gblk1 brz-css-kclovq\"><\/span><\/div>\n<\/div>\n<div id=\"\" class=\"brz-css-dmzz67 brz-css-1plbv2p brz-wrapper\">\n<div class=\"brz-rich-text brz-rich-text__custom brz-css-8h8p45 brz-css-k5pazl\" data-brz-custom-id=\"pkKEVUHLgNXo\">\n<div data-brz-translate-text=\"1\">\n<p class=\"brz-text-lg-center brz-fss-lg-px brz-fw-lg-400 brz-ls-lg-0 brz-lh-lg-1_9 brz-vfw-lg-400 brz-fwdth-lg-100 brz-fsft-lg-0 brz-tp-lg-empty brz-ff-arapey brz-ft-google brz-fs-lg-24 brz-css-dlBIx\" data-uniq-id=\"rcUfJ\" data-generated-css=\"brz-css-y8pZ9\"><em class=\"brz-cp-color8 brz-italic-true\">(+33) 0601057145<\/em><\/p>\n<\/div>\n<\/div>\n<\/div>\n<\/div>\n<\/div>\n<div class=\"brz-columns brz-css-yf93et brz-css-1rrwpef\" data-brz-custom-id=\"qSgMl3u7eiyb\">\n<div class=\"brz-column__items brz-css-p727hf brz-css-1bomqt2\">\n<div class=\"brz-wrapper-clone brz-flex-xs-wrap brz-css-2mqfdu brz-css-1i8nwsk\" data-brz-custom-id=\"k4eq_k1vtdto\">\n<div class=\"brz-icon__container\" data-brz-custom-id=\"ucdSwooT1QZe\"><span class=\"brz-icon brz-span brz-css-16gblk1 brz-css-g4bk0y\"><\/span><\/div>\n<\/div>\n<div id=\"\" class=\"brz-css-dmzz67 brz-css-1cclpuz brz-wrapper\">\n<div class=\"brz-rich-text brz-rich-text__custom brz-css-8h8p45 brz-css-1ezvh5u\" data-brz-custom-id=\"gLEJbHAT0xYP\">\n<div data-brz-translate-text=\"1\">\n<p data-uniq-id=\"sGRNG\" data-generated-css=\"brz-css-eFsXk\" class=\"brz-tp-lg-empty brz-ff-arapey brz-ft-google brz-fs-lg-24 brz-fss-lg-px brz-fw-lg-400 brz-ls-lg-0 brz-lh-lg-1_9 brz-vfw-lg-400 brz-fwdth-lg-100 brz-fsft-lg-0 brz-text-lg-center brz-css-tZ8JR\"><em class=\"brz-cp-color8 brz-italic-true\">23 Rue du Faubourg St Jean, <\/em><\/p>\n<p data-uniq-id=\"sGRNG\" data-generated-css=\"brz-css-eFsXk\" class=\"brz-tp-lg-empty brz-ff-arapey brz-ft-google brz-fs-lg-24 brz-fss-lg-px brz-fw-lg-400 brz-ls-lg-0 brz-lh-lg-1_9 brz-vfw-lg-400 brz-fwdth-lg-100 brz-fsft-lg-0 brz-text-lg-center brz-css-m1WwN\"><em class=\"brz-cp-color8 brz-italic-true\">46300 Le Vigan en Quercy<\/em><\/p>\n<\/div>\n<\/div>\n<\/div>\n<\/div>\n<\/div>\n<div class=\"brz-columns brz-css-yf93et brz-css-1iai3v7\" data-brz-custom-id=\"oBSJVzzrTbA7\">\n<div class=\"brz-column__items brz-css-p727hf brz-css-bkllnb\">\n<div class=\"brz-wrapper-clone brz-flex-xs-wrap brz-css-2mqfdu brz-css-17qpzvd\" data-brz-custom-id=\"dZI4awWbkW61\">\n<div class=\"brz-icon__container\" data-brz-custom-id=\"rTSSWXL0j138\"><span class=\"brz-icon brz-span brz-css-16gblk1 brz-css-1mutd23\"><\/span><\/div>\n<\/div>\n<div id=\"\" class=\"brz-css-dmzz67 brz-css-14v0gl2 brz-wrapper\">\n<div class=\"brz-rich-text brz-rich-text__custom brz-css-8h8p45 brz-css-t3g4bk\" data-brz-custom-id=\"ssmCe_1FOIpm\">\n<div data-brz-translate-text=\"1\">\n<p class=\"brz-text-lg-center brz-tp-lg-empty brz-ff-arapey brz-ft-google brz-fs-lg-24 brz-fss-lg-px brz-fw-lg-400 brz-ls-lg-0 brz-lh-lg-1_9 brz-vfw-lg-400 brz-fwdth-lg-100 brz-fsft-lg-0 brz-css-lacRu\" data-uniq-id=\"pw0iD\" data-generated-css=\"brz-css-csDjM\"><em class=\"brz-cp-color8 brz-italic-true\">artsmystiques46@gmail.com<\/em><\/p>\n<\/div>\n<\/div>\n<\/div>\n<\/div>\n<\/div>\n<\/div>\n<\/div>\n<\/div>\n<\/div>\n<\/div>\n<\/div>\n<div class=\"brz-row__container brz-css-19pbw36 brz-css-1osxztq\" data-brz-custom-id=\"bxlZo9FWQvmG\">\n<div class=\"brz-row brz-css-bqcpk1 brz-css-j9iztb brz-css-1fnukjb\">\n<div class=\"brz-columns brz-css-yf93et brz-css-190qdkv\" data-brz-custom-id=\"treX5pey57sw\">\n<div class=\"brz-column__items brz-css-p727hf brz-css-sjwr1b\">\n<div class=\"brz-wrapper-clone brz-flex-xs-wrap brz-css-2mqfdu brz-css-uw2yh1\" data-brz-custom-id=\"iPaK5eUTRLzx\">\n<div class=\"brz-icon__container\" data-brz-custom-id=\"iz9WrqKK_b9l\"><a class=\"brz-a\" href=\"https:\/\/www.facebook.com\/p\/Arts-Mystiques-61556306606530\/\" target=\"_blank\" rel=\"noopener\" data-brz-link-type=\"external\"><span class=\"brz-icon brz-span brz-css-16gblk1 brz-css-7ivtrb\"><\/span><\/a><\/div>\n<\/div>\n<\/div>\n<\/div>\n<div class=\"brz-columns brz-css-yf93et brz-css-1uiku8s\" data-brz-custom-id=\"pUElDi2hJNbc\">\n<div class=\"brz-column__items brz-css-p727hf brz-css-hyp0df\">\n<div class=\"brz-wrapper-clone brz-flex-xs-wrap brz-css-2mqfdu brz-css-aybunz\" data-brz-custom-id=\"pumEK3Ri5JIl\">\n<div class=\"brz-icon__container\" data-brz-custom-id=\"qdIvoSd2eEVc\"><a class=\"brz-a\" href=\"https:\/\/www.instagram.com\/Arts_Mystiques\/#\" target=\"_blank\" rel=\"noopener\" data-brz-link-type=\"external\"><span class=\"brz-icon brz-span brz-css-16gblk1 brz-css-y6vn8m\"><\/span><\/a><\/div>\n<\/div>\n<\/div>\n<\/div>\n<\/div>\n<\/div>\n<div id=\"\" class=\"brz-css-dmzz67 brz-css-rwovsk brz-wrapper\">\n<div class=\"brz-rich-text brz-rich-text__custom brz-css-8h8p45 brz-css-c3l7gr\" data-brz-custom-id=\"we7sm_MyzGJX\">\n<div data-brz-translate-text=\"1\">\n<p class=\"brz-text-lg-center brz-tp-lg-empty brz-ff-arapey brz-ft-google brz-fs-lg-20 brz-fss-lg-px brz-fw-lg-400 brz-ls-lg-0 brz-lh-lg-1_9 brz-vfw-lg-400 brz-fwdth-lg-100 brz-fsft-lg-0 brz-css-dKx9j\" data-uniq-id=\"niG1D\" data-generated-css=\"brz-css-oivhh\"><a class=\"brz-cp-color8 brz-italic-true link--page\" href=\"https:\/\/arts-mystiques.fr\/?page_id=6\" data-brz-link-type=\"page\"><em>Conditions g\u00e9n\u00e9rales<\/em><\/a><\/p>\n<\/div>\n<\/div>\n<\/div>\n<div id=\"\" class=\"brz-css-dmzz67 brz-css-1skk9hd brz-wrapper\">\n<div class=\"brz-rich-text brz-rich-text__custom brz-css-8h8p45 brz-css-6b6cks\" data-brz-custom-id=\"iQWaVzKXXhXA\">\n<div data-brz-translate-text=\"1\">\n<p class=\"brz-text-lg-center brz-fss-lg-px brz-fw-lg-400 brz-ls-lg-0 brz-lh-lg-1_9 brz-vfw-lg-400 brz-fwdth-lg-100 brz-fsft-lg-0 brz-tp-lg-empty brz-ff-arapey brz-ft-google brz-fs-lg-18 brz-css-wJSQR\" data-uniq-id=\"qD3IB\" data-generated-css=\"brz-css-mUwle\"><em class=\"brz-cp-color8 brz-italic-true\">COPYRIGHTS, ALL RIGHTS RESERVED<\/em><\/p>\n<\/div>\n<\/div>\n<\/div>\n<div id=\"\" class=\"brz-css-dmzz67 brz-css-be9vag brz-wrapper\">\n<div class=\"brz-rich-text brz-rich-text__custom brz-css-8h8p45 brz-css-1iizt5x\" data-brz-custom-id=\"rUpH9mzrkhRR\">\n<div data-brz-translate-text=\"1\">\n<p class=\"brz-text-lg-center brz-fss-lg-px brz-fw-lg-400 brz-ls-lg-0 brz-lh-lg-1_9 brz-vfw-lg-400 brz-fwdth-lg-100 brz-fsft-lg-0 brz-tp-lg-empty brz-ff-arapey brz-ft-google brz-fs-lg-18 brz-css-ca_NH\" data-uniq-id=\"g5cwi\" data-generated-css=\"brz-css-yCbOG\"><em class=\"brz-cp-color8 brz-italic-true\">Site r\u00e9alis\u00e9 par Cl\u00e9ment LEMAIRE, LCAMarketing<\/em><\/p>\n<\/div>\n<\/div>\n<\/div>\n<\/div>\n<\/div>\n<\/section><\/div>\n<p><!-- version:1760185206 --><\/p>\n","protected":false},"excerpt":{"rendered":"<p>Accueil Tatouages Tatouages sacr\u00e9s La boutique Prestations Lecture d&rsquo;\u00e2me Les soir\u00e9es mystiques Soins vibratoires Contact Une soir\u00e9e mystique, c&rsquo;est l&rsquo;invitation \u00e0 passer 3 \u00e0 4 heures dans une bulle hors du temps, en petit cercle intime de 6 personnes, berc\u00e9e par une atmosph\u00e8re chaleureuse, douce et sacr\u00e9e. Rejoins notre cercle magique et divinatoire, o\u00f9 l&rsquo;on [&hellip;]<\/p>\n","protected":false},"author":1,"featured_media":0,"parent":0,"menu_order":0,"comment_status":"closed","ping_status":"closed","template":"brizy-blank-template.php","meta":{"footnotes":""},"class_list":["post-357","page","type-page","status-publish","hentry"],"jetpack_sharing_enabled":true,"brizy_media":[{"id":164,"url":"https:\/\/arts-mystiques.fr\/wp-content\/uploads\/2025\/06\/Design-sans-titre-16.png","name":"Design-sans-titre-16.png","meta":{"brizy_attachment_uid":"wp-11cb41564b7e21e4be650138f5feadfd.png","brizy_post_uid":["cfca118188bff1eee9e129bd86736955","01bc5fc323b12198b2faf19cfa723a22","16bf1a79689af2ed3570ecbe30bccdb2","aa345922a4b2faaebd99b2636c65af9f","d88c2aacaf49aac9eb3192e8f768c0c7","4c3de11236f88a5a58fd5b888a52aae3","973e3036551c3a163cf312353895e191","ff55e496a4e9865cc18c441ff4f25d6d","2a5c78715646ec6df55003bc63b1be9c","7540cb9d7e049c4cb74e232c2ef6b153"]}},{"id":168,"url":"https:\/\/arts-mystiques.fr\/wp-content\/uploads\/2025\/06\/Arts-4.png","name":"Arts-4.png","meta":{"brizy_attachment_uid":"wp-96a176c26c67dac8e2eb8e47c3afc79c.png","brizy_post_uid":["cfca118188bff1eee9e129bd86736955","01bc5fc323b12198b2faf19cfa723a22","16bf1a79689af2ed3570ecbe30bccdb2","aa345922a4b2faaebd99b2636c65af9f","d88c2aacaf49aac9eb3192e8f768c0c7","7cc32483ffb599cc935ffb5f0de133be","4c3de11236f88a5a58fd5b888a52aae3","973e3036551c3a163cf312353895e191","ff55e496a4e9865cc18c441ff4f25d6d","2a5c78715646ec6df55003bc63b1be9c","7540cb9d7e049c4cb74e232c2ef6b153"]}},{"id":749,"url":"https:\/\/arts-mystiques.fr\/wp-content\/uploads\/2025\/09\/Arts-6.png","name":"Arts-6.png","meta":{"brizy_attachment_uid":"wp-618b45f03481c63542ce689892ba33aa.png","brizy_post_uid":["aa345922a4b2faaebd99b2636c65af9f","4c3de11236f88a5a58fd5b888a52aae3","ff55e496a4e9865cc18c441ff4f25d6d","7cc32483ffb599cc935ffb5f0de133be","01bc5fc323b12198b2faf19cfa723a22","2a5c78715646ec6df55003bc63b1be9c","16bf1a79689af2ed3570ecbe30bccdb2","973e3036551c3a163cf312353895e191","cfca118188bff1eee9e129bd86736955","ce831e1072deacd43da2e448c0aeee09"]}},{"id":773,"url":"https:\/\/arts-mystiques.fr\/wp-content\/uploads\/2025\/10\/Design-sans-titre-19.png","name":"Design-sans-titre-19.png","meta":{"brizy_attachment_uid":"wp-4b7c664c035e997752ef8570e5ecd3f6.png","brizy_post_uid":["cfca118188bff1eee9e129bd86736955","aa345922a4b2faaebd99b2636c65af9f","d88c2aacaf49aac9eb3192e8f768c0c7","01bc5fc323b12198b2faf19cfa723a22","16bf1a79689af2ed3570ecbe30bccdb2","973e3036551c3a163cf312353895e191","4c3de11236f88a5a58fd5b888a52aae3","2a5c78715646ec6df55003bc63b1be9c","ff55e496a4e9865cc18c441ff4f25d6d"]}}],"_links":{"self":[{"href":"https:\/\/arts-mystiques.fr\/index.php?rest_route=\/wp\/v2\/pages\/357","targetHints":{"allow":["GET"]}}],"collection":[{"href":"https:\/\/arts-mystiques.fr\/index.php?rest_route=\/wp\/v2\/pages"}],"about":[{"href":"https:\/\/arts-mystiques.fr\/index.php?rest_route=\/wp\/v2\/types\/page"}],"author":[{"embeddable":true,"href":"https:\/\/arts-mystiques.fr\/index.php?rest_route=\/wp\/v2\/users\/1"}],"replies":[{"embeddable":true,"href":"https:\/\/arts-mystiques.fr\/index.php?rest_route=%2Fwp%2Fv2%2Fcomments&post=357"}],"version-history":[{"count":19,"href":"https:\/\/arts-mystiques.fr\/index.php?rest_route=\/wp\/v2\/pages\/357\/revisions"}],"predecessor-version":[{"id":799,"href":"https:\/\/arts-mystiques.fr\/index.php?rest_route=\/wp\/v2\/pages\/357\/revisions\/799"}],"wp:attachment":[{"href":"https:\/\/arts-mystiques.fr\/index.php?rest_route=%2Fwp%2Fv2%2Fmedia&parent=357"}],"curies":[{"name":"wp","href":"https:\/\/api.w.org\/{rel}","templated":true}]}}