{"id":38,"date":"2025-06-20T11:34:54","date_gmt":"2025-06-20T11:34:54","guid":{"rendered":"https:\/\/arts-mystiques.fr\/?page_id=38"},"modified":"2026-03-13T20:35:24","modified_gmt":"2026-03-13T20:35:24","slug":"contact","status":"publish","type":"page","link":"https:\/\/arts-mystiques.fr\/?page_id=38","title":{"rendered":"Contact"},"content":{"rendered":"<div class=\"brz brz-root__container brz-reset-all brz-root__container-page\">\n<section id=\"cI7fbrM9OM9q_cI7fbrM9OM9q\" class=\"brz-section brz-css-eqe2y7 brz-css-1ut7t82\">\n<div class=\"brz-section__content brz-section--boxed brz-css-eyocls brz-css-ka83ux\" data-brz-custom-id=\"pNnSzDPfYrG1\">\n<div class=\"brz-bg\">\n<div class=\"brz-bg-color\"><\/div>\n<\/div>\n<div class=\"brz-container brz-css-g0we8p brz-css-14gllt8\">\n<div class=\"brz-row__container brz-css-1n3b9up brz-css-f7dysc\" data-brz-custom-id=\"baPDvunqIatT\">\n<div class=\"brz-row brz-css-1yrm18f brz-css-fjfzkq brz-css-1nanqyu\">\n<div class=\"brz-columns brz-css-1xg3zak brz-css-xplmu1\" data-brz-custom-id=\"dWvPDNOhTfeG\">\n<div class=\"brz-column__items brz-css-1dcxd39 brz-css-yyc2dm\"><\/div>\n<\/div>\n<div class=\"brz-columns brz-css-1xg3zak brz-css-1glo6yg\" data-brz-custom-id=\"khpNwJdYj7Ln\">\n<div class=\"brz-column__items brz-css-1dcxd39 brz-css-18j72wx\">\n<div class=\"brz-wrapper-clone brz-flex-xs-wrap brz-css-ydfuuo brz-css-1xwe8ac\" data-brz-custom-id=\"ij0IQjLrft30\">\n<div class=\"brz-icon__container\" data-brz-custom-id=\"dV51aG1jApnn\"><a class=\"brz-a\" href=\"https:\/\/www.instagram.com\/Arts_Mystiques\/#\" target=\"_blank\" rel=\"noopener noreferrer\" data-brz-link-type=\"external\"><span class=\"brz-icon brz-span brz-css-178bgu4 brz-css-163awtf\"><\/span><\/a><\/div>\n<\/div>\n<\/div>\n<\/div>\n<div class=\"brz-columns brz-css-1xg3zak brz-css-xxufeu\" data-brz-custom-id=\"rl2s5XIdDMGT\">\n<div class=\"brz-column__items brz-css-1dcxd39 brz-css-3v8r97\">\n<div class=\"brz-wrapper-clone brz-flex-xs-wrap brz-css-ydfuuo brz-css-jx80x3\" data-brz-custom-id=\"up5FjaFRR1WX\">\n<div class=\"brz-icon__container\" data-brz-custom-id=\"ex5GCgwqxq1C\"><a class=\"brz-a\" href=\"https:\/\/www.facebook.com\/p\/Arts-Mystiques-61556306606530\/\" target=\"_blank\" rel=\"noopener noreferrer\" data-brz-link-type=\"external\"><span class=\"brz-icon brz-span brz-css-178bgu4 brz-css-11r23iv\"><\/span><\/a><\/div>\n<\/div>\n<\/div>\n<\/div>\n<\/div>\n<\/div>\n<div class=\"brz-row__container brz-css-1n3b9up brz-css-lngjne\" data-brz-custom-id=\"medWhwLMnC76\">\n<div class=\"brz-row brz-css-1yrm18f brz-css-fjfzkq brz-css-zcid1j\">\n<div class=\"brz-columns brz-css-1xg3zak brz-css-226le8\" data-brz-custom-id=\"tYbCGjMTDAlP\">\n<div class=\"brz-column__items brz-css-1dcxd39 brz-css-1q3p4ec\">\n<div id=\"\" class=\"brz-css-1prdd55 brz-css-1klx7oo brz-wrapper\">\n<div class=\"brz-image brz-css-1248gax brz-css-y9drt5\" data-brz-custom-id=\"txtdvKJ5PO6X\"><a class=\"brz-a\" href=\"https:\/\/arts-mystiques.fr\/\" target=\"_self\" rel=\"noopener\" data-brz-link-type=\"external\"><img data-recalc-dims=\"1\" decoding=\"async\" class=\"brz-img\" src=\"https:\/\/i0.wp.com\/arts-mystiques.fr\/wp-content\/uploads\/2025\/09\/Arts-6.png?w=1300&#038;ssl=1\" loading=\"lazy\" alt=\"\" title=\"Arts (6)\"><\/a><\/div>\n<\/div>\n<\/div>\n<\/div>\n<div class=\"brz-columns brz-css-1xg3zak brz-css-18os4qq\" data-brz-custom-id=\"nauN1IqCrjIW\">\n<div class=\"brz-column__items brz-css-1dcxd39 brz-css-12ky3si\">\n<div id=\"\" class=\"brz-css-1prdd55 brz-css-1tylobf brz-wrapper\">\n<div class=\"brz-menu-simple brz-css-sgf9kf brz-css-159ydcp\">\n<div class=\"brz-menu-simple__toggle brz-menu-simple__toggle--mobile\"><label class=\"brz-menu-simple__icon\" for=\"brz-menu-simple__btn-oFFCX\"><span class=\"brz-menu-simple__icon--bars\"><\/span><\/label><\/p>\n<div style=\"min-height:20px\">\n<div class=\"menu-menu-principal-container\">\n<ul id=\"menu-menu-principal\" class=\"menu\">\n<li id=\"menu-item-53\" class=\"menu-item menu-item-type-post_type menu-item-object-page menu-item-home menu-item-53\"><a href=\"https:\/\/arts-mystiques.fr\/\">Accueil<\/a><\/li>\n<li id=\"menu-item-44\" class=\"menu-item menu-item-type-post_type menu-item-object-page menu-item-has-children menu-item-44 qodef-menu-item--narrow\"><a href=\"https:\/\/arts-mystiques.fr\/?page_id=34\">Tatouages<\/a>\n<ul class=\"sub-menu\">\n<li id=\"menu-item-363\" class=\"menu-item menu-item-type-post_type menu-item-object-page menu-item-363\"><a href=\"https:\/\/arts-mystiques.fr\/?page_id=354\">Tatouages sacr\u00e9s<\/a><\/li>\n<\/ul>\n<\/li>\n<li id=\"menu-item-46\" class=\"menu-item menu-item-type-post_type menu-item-object-page menu-item-46\"><a href=\"https:\/\/arts-mystiques.fr\/?page_id=35\">La boutique<\/a><\/li>\n<li id=\"menu-item-188\" class=\"menu-item menu-item-type-post_type menu-item-object-page menu-item-has-children menu-item-188 qodef-menu-item--narrow\"><a href=\"https:\/\/arts-mystiques.fr\/?page_id=185\">Prestations<\/a>\n<ul class=\"sub-menu\">\n<li id=\"menu-item-364\" class=\"menu-item menu-item-type-post_type menu-item-object-page menu-item-364\"><a href=\"https:\/\/arts-mystiques.fr\/?page_id=356\">Lecture d&rsquo;\u00e2me<\/a><\/li>\n<li id=\"menu-item-365\" class=\"menu-item menu-item-type-post_type menu-item-object-page menu-item-365\"><a href=\"https:\/\/arts-mystiques.fr\/?page_id=357\">Les soir\u00e9es mystiques<\/a><\/li>\n<li id=\"menu-item-366\" class=\"menu-item menu-item-type-post_type menu-item-object-page menu-item-366\"><a href=\"https:\/\/arts-mystiques.fr\/?page_id=358\">Soins vibratoires<\/a><\/li>\n<\/ul>\n<\/li>\n<li id=\"menu-item-49\" class=\"menu-item menu-item-type-post_type menu-item-object-page menu-item-49\"><a href=\"https:\/\/arts-mystiques.fr\/?page_id=38\">Contact<\/a><\/li>\n<\/ul>\n<\/div>\n<\/div>\n<\/div>\n<\/div>\n<\/div>\n<\/div>\n<\/div>\n<\/div>\n<\/div>\n<\/div>\n<\/div>\n<\/section>\n<section id=\"zs66yxX1e_80_zs66yxX1e_80\" class=\"brz-section brz-css-xjsjfx brz-css-1g8b7v4\">\n<div class=\"brz-section__content brz-section--boxed brz-css-1uu4ml9 brz-css-lpjeoy\" data-brz-custom-id=\"z6cIK3MzGsRJ\">\n<div class=\"brz-bg\">\n<div class=\"brz-bg-image\"><\/div>\n<div class=\"brz-bg-color\"><\/div>\n<div class=\"brz-bg-shape brz-bg-shape__top\"><\/div>\n<\/div>\n<div class=\"brz-container brz-css-7d9a4g brz-css-edvsr7\">\n<div id=\"\" class=\"brz-css-xowv1y brz-css-1t6pfmt brz-wrapper\">\n<div class=\"brz-rich-text brz-rich-text__custom brz-css-1tu1ts7 brz-css-1jjs3nh\" data-brz-custom-id=\"hTTCM5WBrT3k\">\n<div data-brz-translate-text=\"1\">\n<p class=\"brz-text-lg-center brz-tp-lg-empty brz-ff-arapey brz-ft-google brz-fs-lg-30 brz-fss-lg-px brz-fw-lg-400 brz-ls-lg-0 brz-lh-lg-1_9 brz-vfw-lg-400 brz-fwdth-lg-100 brz-fsft-lg-0 brz-css-zQQHB\" data-uniq-id=\"b4U7d\" data-generated-css=\"brz-css-iLtQC\"><em class=\"brz-cp-color8 brz-italic-true\">Me contacter<\/em><\/p>\n<\/div>\n<\/div>\n<\/div>\n<div class=\"brz-row__container brz-css-1vxxq0d brz-css-1rso98a\" data-brz-custom-id=\"azt3RLiU3912\">\n<div class=\"brz-row brz-css-meod1b brz-css-6f5ru5 brz-css-3cfsdj\">\n<div class=\"brz-columns brz-css-4ufqqq brz-css-180ibsf\" data-brz-custom-id=\"dqN0nqSk4CSe\">\n<div class=\"brz-bg\">\n<div class=\"brz-bg-color\"><\/div>\n<\/div>\n<div class=\"brz-column__items brz-css-1nz52ir brz-css-1jbf10y\">\n<div class=\"brz-wrapper-clone brz-flex-xs-wrap brz-css-w23mfb brz-css-7cy1w4\" data-brz-custom-id=\"b5Ar40iCvcMF\">\n<div class=\"brz-icon__container\" data-brz-custom-id=\"e9N8CXQM9QgB\"><span class=\"brz-icon brz-span brz-css-1n57q38 brz-css-15sr1qn\"><\/span><\/div>\n<\/div>\n<div id=\"\" class=\"brz-css-xowv1y brz-css-1g8yw2s brz-wrapper\">\n<div class=\"brz-rich-text brz-rich-text__custom brz-css-1tu1ts7 brz-css-ok86ur\" data-brz-custom-id=\"lWxkmH5vz3cb\">\n<div data-brz-translate-text=\"1\">\n<p class=\"brz-text-lg-center brz-tp-lg-empty brz-ff-arapey brz-ft-google brz-fs-lg-24 brz-fss-lg-px brz-fw-lg-400 brz-ls-lg-0 brz-lh-lg-1_9 brz-vfw-lg-400 brz-fwdth-lg-100 brz-fsft-lg-0 brz-css-cFLkp\" data-uniq-id=\"nWb3k\" data-generated-css=\"brz-css-wpXkI\"><a class=\"brz-cp-color8 brz-italic-true link--anchor\" href=\"#zs66yxX1e_80_zs66yxX1e_80\" data-brz-link-type=\"anchor\"><em>(+33) 0601057145<\/em><\/a><\/p>\n<\/div>\n<\/div>\n<\/div>\n<div id=\"\" class=\"brz-css-xowv1y brz-css-wfhxcg brz-wrapper\">\n<div class=\"brz-line brz-line-default brz-css-jgu4gl brz-css-1mteivp\" data-brz-custom-id=\"rZJU5yxQGx4b\">\n<hr class=\"brz-hr\"><\/div>\n<\/div>\n<div class=\"brz-wrapper-clone brz-flex-xs-wrap brz-css-w23mfb brz-css-1u8h84l\" data-brz-custom-id=\"xAvUqkzjeM87\">\n<div class=\"brz-icon__container\" data-brz-custom-id=\"e5S_bN7SeJmd\"><span class=\"brz-icon brz-span brz-css-1n57q38 brz-css-1i25ue1\"><\/span><\/div>\n<\/div>\n<div id=\"\" class=\"brz-css-xowv1y brz-css-vn9oa5 brz-wrapper\">\n<div class=\"brz-rich-text brz-rich-text__custom brz-css-1tu1ts7 brz-css-18vf1ie\" data-brz-custom-id=\"s_cy9ytKEqcA\">\n<div data-brz-translate-text=\"1\">\n<p class=\"brz-text-lg-center brz-fss-lg-px brz-fw-lg-400 brz-ls-lg-0 brz-lh-lg-1_9 brz-vfw-lg-400 brz-fwdth-lg-100 brz-fsft-lg-0 brz-tp-lg-empty brz-ff-arapey brz-ft-google brz-fs-lg-24 brz-css-o9nGE\" data-uniq-id=\"pp9YH\" data-generated-css=\"brz-css-upDKk\"><em class=\"brz-cp-color8 brz-italic-true\">artsmystiques46@gmail.com<\/em><\/p>\n<\/div>\n<\/div>\n<\/div>\n<div id=\"\" class=\"brz-css-xowv1y brz-css-zgnvvu brz-wrapper\">\n<div class=\"brz-line brz-line-default brz-css-jgu4gl brz-css-r5lrp4\" data-brz-custom-id=\"iR3yZ72eWRjU\">\n<hr class=\"brz-hr\"><\/div>\n<\/div>\n<div class=\"brz-wrapper-clone brz-flex-xs-wrap brz-css-w23mfb brz-css-as09kb\" data-brz-custom-id=\"ikMQiJGIaIXh\">\n<div class=\"brz-icon__container\" data-brz-custom-id=\"dkEE1qgNr75L\"><span class=\"brz-icon brz-span brz-css-1n57q38 brz-css-15ezpe6\"><\/span><\/div>\n<\/div>\n<div id=\"\" class=\"brz-css-xowv1y brz-css-1fp2nxp brz-wrapper\">\n<div class=\"brz-rich-text brz-rich-text__custom brz-css-1tu1ts7 brz-css-swl3j\" data-brz-custom-id=\"vPCpctgfRkH_\">\n<div data-brz-translate-text=\"1\">\n<p class=\"brz-text-lg-center brz-fss-lg-px brz-fw-lg-400 brz-ls-lg-0 brz-lh-lg-1_9 brz-vfw-lg-400 brz-fwdth-lg-100 brz-fsft-lg-0 brz-tp-lg-empty brz-ff-arapey brz-ft-google brz-fs-lg-24 brz-css-dBPXG\" data-uniq-id=\"yKidz\" data-generated-css=\"brz-css-d92Fy\"><em class=\"brz-cp-color8 brz-italic-true\">Horaires d&rsquo;ouverture<\/em><\/p>\n<\/div>\n<\/div>\n<\/div>\n<div id=\"\" class=\"brz-css-xowv1y brz-css-nax4v3 brz-wrapper\">\n<div class=\"brz-rich-text brz-rich-text__custom brz-css-1tu1ts7 brz-css-1ysg7jp\" data-brz-custom-id=\"gyS5QxioZqK4\">\n<div data-brz-translate-text=\"1\">\n<p class=\"brz-fs-lg-20 brz-ft-google brz-ff-arapey brz-tp-lg-empty brz-fsft-lg-0 brz-fwdth-lg-100 brz-vfw-lg-400 brz-lh-lg-1_9 brz-ls-lg-0 brz-fw-lg-400 brz-fss-lg-px brz-css-j96M_\" data-generated-css=\"brz-css-au8Wm\" data-uniq-id=\"zpmBc\"><em class=\"brz-italic-true brz-cp-color8\">Horaires variables en fonction des march\u00e9s, appelez moi avant si vous venez de loin ! <\/em><\/p>\n<p class=\"brz-fs-lg-20 brz-ft-google brz-ff-arapey brz-tp-lg-empty brz-fsft-lg-0 brz-fwdth-lg-100 brz-vfw-lg-400 brz-lh-lg-1_9 brz-ls-lg-0 brz-fw-lg-400 brz-fss-lg-px brz-css-qv46_\" data-generated-css=\"brz-css-au8Wm\" data-uniq-id=\"zpmBc\"><em class=\"brz-italic-true brz-cp-color8\">Lundi : SUR RENDEZ-VOUS<\/em><\/p>\n<p class=\"brz-fs-lg-20 brz-ft-google brz-ff-arapey brz-tp-lg-empty brz-fsft-lg-0 brz-fwdth-lg-100 brz-vfw-lg-400 brz-lh-lg-1_9 brz-ls-lg-0 brz-fw-lg-400 brz-fss-lg-px brz-css-kTDiw\" data-generated-css=\"brz-css-hBip8\" data-uniq-id=\"wSg2K\"><em class=\"brz-italic-true brz-cp-color8\">Mardi : 10H &#8211; 18H<\/em><\/p>\n<p class=\"brz-fs-lg-20 brz-ft-google brz-ff-arapey brz-tp-lg-empty brz-fsft-lg-0 brz-fwdth-lg-100 brz-vfw-lg-400 brz-lh-lg-1_9 brz-ls-lg-0 brz-fw-lg-400 brz-fss-lg-px brz-css-xOB03\" data-generated-css=\"brz-css-eGknn\" data-uniq-id=\"yS9Yr\"><em class=\"brz-italic-true brz-cp-color8\">Mercredi : FERME<\/em><\/p>\n<p class=\"brz-fs-lg-20 brz-ft-google brz-ff-arapey brz-tp-lg-empty brz-fsft-lg-0 brz-fwdth-lg-100 brz-vfw-lg-400 brz-lh-lg-1_9 brz-ls-lg-0 brz-fw-lg-400 brz-fss-lg-px brz-css-gJPxJ\" data-generated-css=\"brz-css-tnvg_\" data-uniq-id=\"pvUOh\"><em class=\"brz-italic-true brz-cp-color8\">Jeudi : 10H &#8211; 18H<\/em><\/p>\n<p class=\"brz-fs-lg-20 brz-ft-google brz-ff-arapey brz-tp-lg-empty brz-fsft-lg-0 brz-fwdth-lg-100 brz-vfw-lg-400 brz-lh-lg-1_9 brz-ls-lg-0 brz-fw-lg-400 brz-fss-lg-px brz-css-vDs8v\" data-generated-css=\"brz-css-r2R8J\" data-uniq-id=\"rQ6Ic\"><em class=\"brz-italic-true brz-cp-color8\">Vendredi : 10H &#8211; 18H <\/em><\/p>\n<p class=\"brz-fs-lg-20 brz-ft-google brz-ff-arapey brz-tp-lg-empty brz-fsft-lg-0 brz-fwdth-lg-100 brz-vfw-lg-400 brz-lh-lg-1_9 brz-ls-lg-0 brz-fw-lg-400 brz-fss-lg-px brz-css-ev5Ng\" data-generated-css=\"brz-css-p5G3x\" data-uniq-id=\"lw3Mr\"><em class=\"brz-italic-true brz-cp-color8\">Samedi : 10H &#8211; 17H<\/em><\/p>\n<\/div>\n<\/div>\n<\/div>\n<\/div>\n<\/div>\n<div class=\"brz-columns brz-css-4ufqqq brz-css-lh5fqq\" data-brz-custom-id=\"zhf4pHpL_v3L\">\n<div class=\"brz-bg\">\n<div class=\"brz-bg-color\"><\/div>\n<\/div>\n<div class=\"brz-column__items brz-css-1nz52ir brz-css-1y6yusf\">\n<div class=\"brz-wrapper-clone brz-flex-xs-wrap brz-css-w23mfb brz-css-h6n445\" data-brz-custom-id=\"nLLq8QJ61yDA\">\n<div class=\"brz-icon__container\" data-brz-custom-id=\"b4Le39lNc2zE\"><span class=\"brz-icon brz-span brz-css-1n57q38 brz-css-8l58js\"><\/span><\/div>\n<\/div>\n<div id=\"\" class=\"brz-css-xowv1y brz-css-asz115 brz-wrapper\">\n<div class=\"brz-rich-text brz-rich-text__custom brz-css-1tu1ts7 brz-css-1pbeteh\" data-brz-custom-id=\"diPuWskpTShG\">\n<div data-brz-translate-text=\"1\">\n<p class=\"brz-text-lg-center brz-fss-lg-px brz-fw-lg-400 brz-ls-lg-0 brz-lh-lg-1_9 brz-vfw-lg-400 brz-fwdth-lg-100 brz-fsft-lg-0 brz-tp-lg-empty brz-ff-arapey brz-ft-google brz-fs-lg-24 brz-css-jS6KT\" data-uniq-id=\"lESNQ\" data-generated-css=\"brz-css-uiZfm\"><em class=\"brz-cp-color8 brz-italic-true\">23 Rue du Faubourg St Jean, 46300 Le Vigan en Quercy<\/em><\/p>\n<\/div>\n<\/div>\n<\/div>\n<div id=\"\" class=\"brz-css-xowv1y brz-css-2cf0o5 brz-wrapper\">\n<div class=\"brz-line brz-line-default brz-css-jgu4gl brz-css-1f4i3cl\" data-brz-custom-id=\"cp4A_YlvrVo3\">\n<hr class=\"brz-hr\"><\/div>\n<\/div>\n<div id=\"\" class=\"brz-css-xowv1y brz-css-xmfpzy brz-wrapper\">\n<div class=\"brz-map brz-map_styles brz-css-1qohy30\" data-brz-custom-id=\"lyOWw4su2HDP\">\n<div class=\"brz-ui-ed-map-content\"><\/div>\n<\/div>\n<\/div>\n<\/div>\n<\/div>\n<\/div>\n<\/div>\n<\/div>\n<\/div>\n<\/section>\n<section id=\"4cc3e20dbbab368fd9e0_ua4TxLajfqsY\" class=\"brz-section brz-css-1uay90j brz-css-fjrv45\">\n<div class=\"brz-section__content brz-section--boxed brz-css-v3sznz brz-css-jhfolt\" data-brz-custom-id=\"camttqML1J6V\">\n<div class=\"brz-bg\">\n<div class=\"brz-bg-color\"><\/div>\n<\/div>\n<div class=\"brz-container brz-css-1y0fxdj brz-css-ks1lvg\">\n<div class=\"brz-row__container brz-css-5lxlf4 brz-css-13nl2e5\" data-brz-custom-id=\"ymI8AI9la4gI\">\n<div class=\"brz-row brz-css-v9dizn brz-css-ttuecr\">\n<div class=\"brz-columns brz-css-cdxbso brz-css-cbvq60\" data-brz-custom-id=\"aVflMZZN2fKk\">\n<div class=\"brz-column__items brz-css-69blsp brz-css-1z125e2\">\n<div id=\"\" class=\"brz-css-1a0br64 brz-css-2e8llz brz-wrapper\">\n<div class=\"brz-rich-text brz-rich-text__custom brz-css-6hfmw9 brz-css-11g0sdv\" data-brz-custom-id=\"bj1ktUPZLkeb\">\n<div data-brz-translate-text=\"1\">\n<p class=\"brz-text-lg-center brz-tp-lg-empty brz-ff-arapey brz-ft-google brz-fs-lg-40 brz-fss-lg-px brz-fw-lg-400 brz-ls-lg-0 brz-lh-lg-1_9 brz-vfw-lg-400 brz-fwdth-lg-100 brz-fsft-lg-0 brz-css-z4JCt\" data-generated-css=\"brz-css-s0m0W\" data-uniq-id=\"nTezL\"><strong class=\"brz-italic-true brz-cp-color8 brz-bold-true\"><em>Arts Mystiques<\/em><\/strong><\/p>\n<\/div>\n<\/div>\n<\/div>\n<div class=\"brz-row__container brz-css-5lxlf4 brz-css-1673x2t\" data-brz-custom-id=\"r0FXdWd8Rl08\">\n<div class=\"brz-row brz-row--inner brz-css-v9dizn brz-css-1yecyp1 brz-css-124y4x3\">\n<div class=\"brz-columns brz-css-cdxbso brz-css-7p8v03\" data-brz-custom-id=\"m9wMhr2p0B7v\">\n<div class=\"brz-column__items brz-css-69blsp brz-css-1anu7y6\">\n<div class=\"brz-wrapper-clone brz-flex-xs-wrap brz-css-mxoocc brz-css-7fxsxr\" data-brz-custom-id=\"pFGW8DMCSN2v\">\n<div class=\"brz-icon__container\" data-brz-custom-id=\"rrv089curHRu\"><span class=\"brz-icon brz-span brz-css-bgr1lr brz-css-ratcf0\"><\/span><\/div>\n<\/div>\n<div id=\"\" class=\"brz-css-1a0br64 brz-css-1a7lpbl brz-wrapper\">\n<div class=\"brz-rich-text brz-rich-text__custom brz-css-6hfmw9 brz-css-1iqyk62\" data-brz-custom-id=\"mH_MJSwjzOUi\">\n<div data-brz-translate-text=\"1\">\n<p class=\"brz-fs-lg-24 brz-ft-google brz-ff-arapey brz-tp-lg-empty brz-fsft-lg-0 brz-fwdth-lg-100 brz-vfw-lg-400 brz-lh-lg-1_9 brz-ls-lg-0 brz-fw-lg-400 brz-fss-lg-px brz-text-lg-center brz-bcp-color8 brz-css-lRUS3\" data-generated-css=\"brz-css-j0EqG\" data-uniq-id=\"gbbyl\"><a class=\"brz-italic-true brz-cp-color8 link--anchor\" href=\"#4cc3e20dbbab368fd9e0_ua4TxLajfqsY\" data-brz-link-type=\"anchor\"><em>(+33) 0601057145<\/em><\/a><\/p>\n<\/div>\n<\/div>\n<\/div>\n<\/div>\n<\/div>\n<div class=\"brz-columns brz-css-cdxbso brz-css-v0jxsi\" data-brz-custom-id=\"oM68lw9Jq_rl\">\n<div class=\"brz-column__items brz-css-69blsp brz-css-1cb3sv\">\n<div class=\"brz-wrapper-clone brz-flex-xs-wrap brz-css-mxoocc brz-css-z7sovy\" data-brz-custom-id=\"nrd81IpvL_bX\">\n<div class=\"brz-icon__container\" data-brz-custom-id=\"pZU1yve9r4Mw\"><span class=\"brz-icon brz-span brz-css-bgr1lr brz-css-b3ognv\"><\/span><\/div>\n<\/div>\n<div id=\"\" class=\"brz-css-1a0br64 brz-css-7heshy brz-wrapper\">\n<div class=\"brz-rich-text brz-rich-text__custom brz-css-6hfmw9 brz-css-1p75uj9\" data-brz-custom-id=\"pXk36WjdNpQ6\">\n<div data-brz-translate-text=\"1\">\n<p data-uniq-id=\"qlFgn\" data-generated-css=\"brz-css-bB6dD\" class=\"brz-text-lg-center brz-tp-lg-empty brz-ff-arapey brz-ft-google brz-fs-lg-24 brz-fss-lg-px brz-fw-lg-400 brz-ls-lg-0 brz-lh-lg-1_9 brz-vfw-lg-400 brz-fwdth-lg-100 brz-fsft-lg-0 brz-css-fPMzv\"><em class=\"brz-cp-color8 brz-italic-true\">23 Rue du Faubourg St Jean, <\/em><\/p>\n<p data-uniq-id=\"hp9ZO\" data-generated-css=\"brz-css-uG4qF\" class=\"brz-text-lg-center brz-tp-lg-empty brz-ff-arapey brz-ft-google brz-fs-lg-24 brz-fss-lg-px brz-fw-lg-400 brz-ls-lg-0 brz-lh-lg-1_9 brz-vfw-lg-400 brz-fwdth-lg-100 brz-fsft-lg-0 brz-css-bmHux\"><em class=\"brz-cp-color8 brz-italic-true\">46300 Le Vigan en Quercy<\/em><\/p>\n<\/div>\n<\/div>\n<\/div>\n<\/div>\n<\/div>\n<div class=\"brz-columns brz-css-cdxbso brz-css-1716dks\" data-brz-custom-id=\"uLuFcAN45uiq\">\n<div class=\"brz-column__items brz-css-69blsp brz-css-12296u1\">\n<div class=\"brz-wrapper-clone brz-flex-xs-wrap brz-css-mxoocc brz-css-1p0rlcb\" data-brz-custom-id=\"w7eyA10hvOkF\">\n<div class=\"brz-icon__container\" data-brz-custom-id=\"pDhv7M4r5dbO\"><span class=\"brz-icon brz-span brz-css-bgr1lr brz-css-a67hmn\"><\/span><\/div>\n<\/div>\n<div id=\"\" class=\"brz-css-1a0br64 brz-css-1wxprsp brz-wrapper\">\n<div class=\"brz-rich-text brz-rich-text__custom brz-css-6hfmw9 brz-css-s8yrur\" data-brz-custom-id=\"ptovBlqi0USc\">\n<div data-brz-translate-text=\"1\">\n<p data-uniq-id=\"sH3jz\" data-generated-css=\"brz-css-bo_xs\" class=\"brz-tp-lg-empty brz-ff-arapey brz-ft-google brz-fs-lg-24 brz-fss-lg-px brz-fw-lg-400 brz-ls-lg-0 brz-lh-lg-1_9 brz-vfw-lg-400 brz-fwdth-lg-100 brz-fsft-lg-0 brz-text-lg-center brz-css-p1c44\"><em class=\"brz-cp-color8 brz-italic-true\">artsmystiques46@gmail.com<\/em><\/p>\n<\/div>\n<\/div>\n<\/div>\n<\/div>\n<\/div>\n<\/div>\n<\/div>\n<\/div>\n<\/div>\n<\/div>\n<\/div>\n<div class=\"brz-row__container brz-css-5lxlf4 brz-css-5vgcdr\" data-brz-custom-id=\"dvWlbJYMw3E9\">\n<div class=\"brz-row brz-css-v9dizn brz-css-1yecyp1 brz-css-1b9oo14\">\n<div class=\"brz-columns brz-css-cdxbso brz-css-15zb5ov\" data-brz-custom-id=\"fWjeEweftwHT\">\n<div class=\"brz-column__items brz-css-69blsp brz-css-1ai3e2g\">\n<div class=\"brz-row__container brz-css-5lxlf4 brz-css-rco4ea\" data-brz-custom-id=\"cQdhjiudSQTY\">\n<div class=\"brz-row brz-row--inner brz-css-v9dizn brz-css-1yecyp1 brz-css-1xnf5dm\">\n<div class=\"brz-columns brz-css-cdxbso brz-css-10mb18w\" data-brz-custom-id=\"xvn__4cANBSF\">\n<div class=\"brz-column__items brz-css-69blsp brz-css-equ5vn\">\n<div class=\"brz-wrapper-clone brz-flex-xs-wrap brz-css-mxoocc brz-css-1wms4o8\" data-brz-custom-id=\"tYlv4D5KgT82\">\n<div class=\"brz-icon__container\" data-brz-custom-id=\"oFTgS02aQKfb\"><a class=\"brz-a\" href=\"https:\/\/www.facebook.com\/p\/Arts-Mystiques-61556306606530\/\" target=\"_blank\" rel=\"noopener\" data-brz-link-type=\"external\"><span class=\"brz-icon brz-span brz-css-bgr1lr brz-css-1dbicej\"><\/span><\/a><\/div>\n<\/div>\n<\/div>\n<\/div>\n<div class=\"brz-columns brz-css-cdxbso brz-css-2jt1e0\" data-brz-custom-id=\"vuxcxKgqWWxq\">\n<div class=\"brz-column__items brz-css-69blsp brz-css-111rhvp\">\n<div class=\"brz-wrapper-clone brz-flex-xs-wrap brz-css-mxoocc brz-css-1fcb5ba\" data-brz-custom-id=\"ehQMnjoKbQkn\">\n<div class=\"brz-icon__container\" data-brz-custom-id=\"pNW9gApmJDY3\"><a class=\"brz-a\" href=\"https:\/\/www.instagram.com\/Arts_Mystiques\/#\" target=\"_blank\" rel=\"noopener\" data-brz-link-type=\"external\"><span class=\"brz-icon brz-span brz-css-bgr1lr brz-css-16x24gg\"><\/span><\/a><\/div>\n<\/div>\n<\/div>\n<\/div>\n<\/div>\n<\/div>\n<\/div>\n<\/div>\n<\/div>\n<\/div>\n<div id=\"\" class=\"brz-css-1a0br64 brz-css-10pfrbr brz-wrapper\">\n<div class=\"brz-rich-text brz-rich-text__custom brz-css-6hfmw9 brz-css-zbaqzw\" data-brz-custom-id=\"yypA3s_9KjDo\">\n<div data-brz-translate-text=\"1\">\n<p class=\"brz-text-lg-center brz-fss-lg-px brz-fw-lg-400 brz-ls-lg-0 brz-lh-lg-1_9 brz-vfw-lg-400 brz-fwdth-lg-100 brz-fsft-lg-0 brz-tp-lg-empty brz-ff-arapey brz-ft-google brz-fs-lg-20 brz-css-nUZoQ\" data-uniq-id=\"lEN4z\" data-generated-css=\"brz-css-nZlLf\"><a class=\"brz-cp-color8 link--page brz-italic-true\" href=\"https:\/\/arts-mystiques.fr\/?page_id=6\" data-brz-link-type=\"page\"><em>Conditions g\u00e9n\u00e9rales<\/em><\/a><\/p>\n<\/div>\n<\/div>\n<\/div>\n<div id=\"\" class=\"brz-css-1a0br64 brz-css-gjp06z brz-wrapper\">\n<div class=\"brz-rich-text brz-rich-text__custom brz-css-6hfmw9 brz-css-1lr59am\" data-brz-custom-id=\"moCtWlx2DWZo\">\n<div data-brz-translate-text=\"1\">\n<p class=\"brz-text-lg-center brz-tp-lg-empty brz-ff-arapey brz-ft-google brz-fs-lg-18 brz-fss-lg-px brz-fw-lg-400 brz-ls-lg-0 brz-lh-lg-1_9 brz-vfw-lg-400 brz-fwdth-lg-100 brz-fsft-lg-0 brz-css-aQJPj\" data-uniq-id=\"l6wVY\" data-generated-css=\"brz-css-axWi9\"><em class=\"brz-cp-color8 brz-italic-true\">COPYRIGHTS, ALL RIGHTS RESERVED<\/em><\/p>\n<\/div>\n<\/div>\n<\/div>\n<div id=\"\" class=\"brz-css-1a0br64 brz-css-yqmo6c brz-wrapper\">\n<div class=\"brz-rich-text brz-rich-text__custom brz-css-6hfmw9 brz-css-1fxx3zy\" data-brz-custom-id=\"bVEVujKiYivP\">\n<div data-brz-translate-text=\"1\">\n<p class=\"brz-text-lg-center brz-fss-lg-px brz-fw-lg-400 brz-ls-lg-0 brz-lh-lg-1_9 brz-vfw-lg-400 brz-fwdth-lg-100 brz-fsft-lg-0 brz-tp-lg-empty brz-ff-arapey brz-ft-google brz-fs-lg-18 brz-css-iLRJS\" data-uniq-id=\"gzd8K\" data-generated-css=\"brz-css-zobYT\"><em class=\"brz-cp-color8 brz-italic-true\">Site r\u00e9alis\u00e9 par Cl\u00e9ment LEMAIRE, LCAMarketing<\/em><\/p>\n<\/div>\n<\/div>\n<\/div>\n<\/div>\n<\/div>\n<\/section><\/div>\n<p><!-- version:1760184680 --><\/p>\n","protected":false},"excerpt":{"rendered":"<p>Accueil Tatouages Tatouages sacr\u00e9s La boutique Prestations Lecture d&rsquo;\u00e2me Les soir\u00e9es mystiques Soins vibratoires Contact Me contacter (+33) 0601057145 artsmystiques46@gmail.com Horaires d&rsquo;ouverture Horaires variables en fonction des march\u00e9s, appelez moi avant si vous venez de loin ! Lundi : SUR RENDEZ-VOUS Mardi : 10H &#8211; 18H Mercredi : FERME Jeudi : 10H &#8211; 18H Vendredi [&hellip;]<\/p>\n","protected":false},"author":1,"featured_media":0,"parent":0,"menu_order":0,"comment_status":"closed","ping_status":"closed","template":"brizy-blank-template.php","meta":{"footnotes":""},"class_list":["post-38","page","type-page","status-publish","hentry"],"jetpack_sharing_enabled":true,"brizy_media":[{"id":164,"url":"https:\/\/arts-mystiques.fr\/wp-content\/uploads\/2025\/06\/Design-sans-titre-16.png","name":"Design-sans-titre-16.png","meta":{"brizy_attachment_uid":"wp-11cb41564b7e21e4be650138f5feadfd.png","brizy_post_uid":["cfca118188bff1eee9e129bd86736955","01bc5fc323b12198b2faf19cfa723a22","16bf1a79689af2ed3570ecbe30bccdb2","aa345922a4b2faaebd99b2636c65af9f","d88c2aacaf49aac9eb3192e8f768c0c7","4c3de11236f88a5a58fd5b888a52aae3","973e3036551c3a163cf312353895e191","ff55e496a4e9865cc18c441ff4f25d6d","2a5c78715646ec6df55003bc63b1be9c","7540cb9d7e049c4cb74e232c2ef6b153"]}},{"id":168,"url":"https:\/\/arts-mystiques.fr\/wp-content\/uploads\/2025\/06\/Arts-4.png","name":"Arts-4.png","meta":{"brizy_attachment_uid":"wp-96a176c26c67dac8e2eb8e47c3afc79c.png","brizy_post_uid":["cfca118188bff1eee9e129bd86736955","01bc5fc323b12198b2faf19cfa723a22","16bf1a79689af2ed3570ecbe30bccdb2","aa345922a4b2faaebd99b2636c65af9f","d88c2aacaf49aac9eb3192e8f768c0c7","7cc32483ffb599cc935ffb5f0de133be","4c3de11236f88a5a58fd5b888a52aae3","973e3036551c3a163cf312353895e191","ff55e496a4e9865cc18c441ff4f25d6d","2a5c78715646ec6df55003bc63b1be9c","7540cb9d7e049c4cb74e232c2ef6b153"]}},{"id":749,"url":"https:\/\/arts-mystiques.fr\/wp-content\/uploads\/2025\/09\/Arts-6.png","name":"Arts-6.png","meta":{"brizy_attachment_uid":"wp-618b45f03481c63542ce689892ba33aa.png","brizy_post_uid":["aa345922a4b2faaebd99b2636c65af9f","4c3de11236f88a5a58fd5b888a52aae3","ff55e496a4e9865cc18c441ff4f25d6d","7cc32483ffb599cc935ffb5f0de133be","01bc5fc323b12198b2faf19cfa723a22","2a5c78715646ec6df55003bc63b1be9c","16bf1a79689af2ed3570ecbe30bccdb2","973e3036551c3a163cf312353895e191","cfca118188bff1eee9e129bd86736955","ce831e1072deacd43da2e448c0aeee09"]}},{"id":773,"url":"https:\/\/arts-mystiques.fr\/wp-content\/uploads\/2025\/10\/Design-sans-titre-19.png","name":"Design-sans-titre-19.png","meta":{"brizy_attachment_uid":"wp-4b7c664c035e997752ef8570e5ecd3f6.png","brizy_post_uid":["cfca118188bff1eee9e129bd86736955","aa345922a4b2faaebd99b2636c65af9f","d88c2aacaf49aac9eb3192e8f768c0c7","01bc5fc323b12198b2faf19cfa723a22","16bf1a79689af2ed3570ecbe30bccdb2","973e3036551c3a163cf312353895e191","4c3de11236f88a5a58fd5b888a52aae3","2a5c78715646ec6df55003bc63b1be9c","ff55e496a4e9865cc18c441ff4f25d6d"]}}],"_links":{"self":[{"href":"https:\/\/arts-mystiques.fr\/index.php?rest_route=\/wp\/v2\/pages\/38","targetHints":{"allow":["GET"]}}],"collection":[{"href":"https:\/\/arts-mystiques.fr\/index.php?rest_route=\/wp\/v2\/pages"}],"about":[{"href":"https:\/\/arts-mystiques.fr\/index.php?rest_route=\/wp\/v2\/types\/page"}],"author":[{"embeddable":true,"href":"https:\/\/arts-mystiques.fr\/index.php?rest_route=\/wp\/v2\/users\/1"}],"replies":[{"embeddable":true,"href":"https:\/\/arts-mystiques.fr\/index.php?rest_route=%2Fwp%2Fv2%2Fcomments&post=38"}],"version-history":[{"count":30,"href":"https:\/\/arts-mystiques.fr\/index.php?rest_route=\/wp\/v2\/pages\/38\/revisions"}],"predecessor-version":[{"id":787,"href":"https:\/\/arts-mystiques.fr\/index.php?rest_route=\/wp\/v2\/pages\/38\/revisions\/787"}],"wp:attachment":[{"href":"https:\/\/arts-mystiques.fr\/index.php?rest_route=%2Fwp%2Fv2%2Fmedia&parent=38"}],"curies":[{"name":"wp","href":"https:\/\/api.w.org\/{rel}","templated":true}]}}