{"id":51,"date":"2025-06-20T11:36:11","date_gmt":"2025-06-20T11:36:11","guid":{"rendered":"https:\/\/arts-mystiques.fr\/?page_id=51"},"modified":"2026-03-13T14:24:43","modified_gmt":"2026-03-13T14:24:43","slug":"accueil","status":"publish","type":"page","link":"https:\/\/arts-mystiques.fr\/","title":{"rendered":"Accueil"},"content":{"rendered":"<div class=\"brz brz-root__container brz-reset-all brz-root__container-page\">\n<section id=\"sJlK203dbAKD_sJlK203dbAKD\" class=\"brz-section brz-css-1frlngd brz-css-if9jfm\">\n<div class=\"brz-section__content brz-section--boxed brz-css-gfgp9q brz-css-ng8wu7\" data-brz-custom-id=\"aF3PAcn_o4zj\">\n<div class=\"brz-bg\">\n<div class=\"brz-bg-color\"><\/div>\n<div class=\"brz-bg-shape brz-bg-shape__bottom\"><\/div>\n<\/div>\n<div class=\"brz-container brz-css-12r8tbb brz-css-gwqato\">\n<div class=\"brz-row__container brz-css-1dd8ree brz-css-1rrov7h\" data-brz-custom-id=\"hnO2OZEsBfha\">\n<div class=\"brz-row brz-css-2trflw brz-css-7622us brz-css-cokxro\">\n<div class=\"brz-columns brz-css-1nnq9pf brz-css-irnma5\" data-brz-custom-id=\"cbgM5oBGE50G\">\n<div class=\"brz-column__items brz-css-6fn5jn brz-css-1lis6m4\"><\/div>\n<\/div>\n<div class=\"brz-columns brz-css-1nnq9pf brz-css-at3t3l\" data-brz-custom-id=\"j7swjRSfDEhS\">\n<div class=\"brz-column__items brz-css-6fn5jn brz-css-17a3hrp\">\n<div class=\"brz-wrapper-clone brz-flex-xs-wrap brz-css-tb4nef brz-css-1ktlbz8\" data-brz-custom-id=\"yhFJIaoKjOw6\">\n<div class=\"brz-icon__container\" data-brz-custom-id=\"dHiGc9019Ruc\"><a class=\"brz-a\" href=\"https:\/\/www.instagram.com\/Arts_Mystiques\/#\" target=\"_blank\" rel=\"noopener noreferrer\" data-brz-link-type=\"external\"><span class=\"brz-icon brz-span brz-css-13ssdw0 brz-css-quo44f\"><\/span><\/a><\/div>\n<\/div>\n<\/div>\n<\/div>\n<div class=\"brz-columns brz-css-1nnq9pf brz-css-o1hhxj\" data-brz-custom-id=\"bgfC2WzcliYt\">\n<div class=\"brz-column__items brz-css-6fn5jn brz-css-1un6ta8\">\n<div class=\"brz-wrapper-clone brz-flex-xs-wrap brz-css-tb4nef brz-css-krfzcu\" data-brz-custom-id=\"ntSpw62QnHlf\">\n<div class=\"brz-icon__container\" data-brz-custom-id=\"xQHrHn4HjMmB\"><a class=\"brz-a\" href=\"https:\/\/www.facebook.com\/p\/Arts-Mystiques-61556306606530\/\" target=\"_blank\" rel=\"noopener noreferrer\" data-brz-link-type=\"external\"><span class=\"brz-icon brz-span brz-css-13ssdw0 brz-css-1khcg76\"><\/span><\/a><\/div>\n<\/div>\n<\/div>\n<\/div>\n<\/div>\n<\/div>\n<div class=\"brz-row__container brz-css-1dd8ree brz-css-23qcqy\" data-brz-custom-id=\"inARPbJB9SiS\">\n<div class=\"brz-row brz-css-2trflw brz-css-7622us brz-css-uba4xy\">\n<div class=\"brz-columns brz-css-1nnq9pf brz-css-14rhos2\" data-brz-custom-id=\"k6fA03siO57A\">\n<div class=\"brz-column__items brz-css-6fn5jn brz-css-13zm6ql\">\n<div id=\"\" class=\"brz-css-hw09ki brz-css-1v6f5zz brz-wrapper\">\n<div class=\"brz-image brz-css-1hc3rrn brz-css-fb76yo\" data-brz-custom-id=\"nd9HNvOOKNWM\"><a class=\"brz-a\" href=\"https:\/\/arts-mystiques.fr\/\" target=\"_self\" rel=\"noopener\" data-brz-link-type=\"external\"><img data-recalc-dims=\"1\" decoding=\"async\" class=\"brz-img\" src=\"https:\/\/i0.wp.com\/arts-mystiques.fr\/wp-content\/uploads\/2025\/09\/Arts-6.png?w=1300&#038;ssl=1\" loading=\"lazy\" alt=\"\" title=\"Arts (6)\"><\/a><\/div>\n<\/div>\n<\/div>\n<\/div>\n<div class=\"brz-columns brz-css-1nnq9pf brz-css-1qpxi12\" data-brz-custom-id=\"yNy3Fel8Q0nJ\">\n<div class=\"brz-column__items brz-css-6fn5jn brz-css-gjjczr\">\n<div id=\"\" class=\"brz-css-hw09ki brz-css-1x8r0ng brz-wrapper\">\n<div class=\"brz-menu-simple brz-css-wtm984 brz-css-x01wwu\">\n<div class=\"brz-menu-simple__toggle brz-menu-simple__toggle--mobile\"><label class=\"brz-menu-simple__icon\" for=\"brz-menu-simple__btn-tFo2V\"><span class=\"brz-menu-simple__icon--bars\"><\/span><\/label><\/p>\n<div style=\"min-height:20px\">\n<div class=\"menu-menu-principal-container\">\n<ul id=\"menu-menu-principal\" class=\"menu\">\n<li id=\"menu-item-53\" class=\"menu-item menu-item-type-post_type menu-item-object-page menu-item-home menu-item-53\"><a href=\"https:\/\/arts-mystiques.fr\/\">Accueil<\/a><\/li>\n<li id=\"menu-item-44\" class=\"menu-item menu-item-type-post_type menu-item-object-page menu-item-44\"><a href=\"https:\/\/arts-mystiques.fr\/?page_id=34\">Tatouages<\/a><\/li>\n<li id=\"menu-item-46\" class=\"menu-item menu-item-type-post_type menu-item-object-page menu-item-46\"><a href=\"https:\/\/arts-mystiques.fr\/?page_id=35\">La boutique<\/a><\/li>\n<li id=\"menu-item-188\" class=\"menu-item menu-item-type-post_type menu-item-object-page menu-item-has-children menu-item-188 qodef-menu-item--narrow\"><a href=\"https:\/\/arts-mystiques.fr\/?page_id=185\">Prestations<\/a>\n<ul class=\"sub-menu\">\n<li id=\"menu-item-363\" class=\"menu-item menu-item-type-post_type menu-item-object-page menu-item-363\"><a href=\"https:\/\/arts-mystiques.fr\/?page_id=354\">Tatouages sacr\u00e9s<\/a><\/li>\n<li id=\"menu-item-364\" class=\"menu-item menu-item-type-post_type menu-item-object-page menu-item-364\"><a href=\"https:\/\/arts-mystiques.fr\/?page_id=356\">Lecture d&rsquo;\u00e2me<\/a><\/li>\n<li id=\"menu-item-365\" class=\"menu-item menu-item-type-post_type menu-item-object-page menu-item-365\"><a href=\"https:\/\/arts-mystiques.fr\/?page_id=357\">Les soir\u00e9es mystiques<\/a><\/li>\n<li id=\"menu-item-366\" class=\"menu-item menu-item-type-post_type menu-item-object-page menu-item-366\"><a href=\"https:\/\/arts-mystiques.fr\/?page_id=358\">Soin vibratoire<\/a><\/li>\n<\/ul>\n<\/li>\n<li id=\"menu-item-49\" class=\"menu-item menu-item-type-post_type menu-item-object-page menu-item-49\"><a href=\"https:\/\/arts-mystiques.fr\/?page_id=38\">Contact<\/a><\/li>\n<\/ul>\n<\/div>\n<\/div>\n<\/div>\n<\/div>\n<\/div>\n<\/div>\n<\/div>\n<\/div>\n<\/div>\n<\/div>\n<\/div>\n<\/section>\n<section id=\"iwetK4IMbq5a_iwetK4IMbq5a\" class=\"brz-section brz-css-18a771q brz-css-15bcjg\">\n<div class=\"brz-section__content brz-section--boxed brz-css-sjf3fx brz-css-1sf6acv\" data-brz-custom-id=\"lV6bwG91hXyZ\">\n<div class=\"brz-bg\">\n<div class=\"brz-bg-image\"><\/div>\n<div class=\"brz-bg-color\"><\/div>\n<div class=\"brz-bg-shape brz-bg-shape__top\"><\/div>\n<\/div>\n<div class=\"brz-container brz-css-1rb2d3i brz-css-mvmi1w\">\n<div id=\"\" class=\"brz-css-amlek4 brz-css-z87c8c brz-wrapper\">\n<div class=\"brz-rich-text brz-rich-text__custom brz-css-1eu5y1p brz-css-1oq1yg\" data-brz-custom-id=\"a9PfZQvLCIjE\">\n<div data-brz-translate-text=\"1\">\n<p class=\"brz-text-lg-center brz-fss-xs-px brz-fw-xs-400 brz-ls-xs-m_1_5 brz-lh-xs-1_3 brz-vfw-xs-400 brz-fwdth-xs-100 brz-fsft-xs-0 brz-tp-xs-empty brz-fs-xs-40 brz-fss-lg-px brz-fw-lg-400 brz-ls-lg-m_1_5 brz-lh-lg-1_3 brz-vfw-lg-400 brz-fwdth-lg-100 brz-fsft-lg-0 brz-tp-lg-empty brz-ff-arapey brz-ft-google brz-fs-lg-50 brz-css-zM_aN\" data-generated-css=\"brz-css-mRDl_\" data-uniq-id=\"yyS3G\"><em class=\"brz-cp-color8 brz-italic-true\">Maison de tatouage &amp; boutique \u00e9sot\u00e9rique<\/em><\/p>\n<\/div>\n<\/div>\n<\/div>\n<div id=\"\" class=\"brz-css-amlek4 brz-css-18th7pn brz-css-1eob3i4 brz-wrapper\">\n<div class=\"brz-spacer brz-css-1xpwp8w brz-css-1v9pbh5\"><\/div>\n<\/div>\n<div id=\"\" class=\"brz-css-amlek4 brz-css-1vfwfth brz-wrapper\">\n<div class=\"brz-rich-text brz-rich-text__custom brz-css-1eu5y1p brz-css-16tdi2e\" data-brz-custom-id=\"qLGc80OwhRN6\">\n<div data-brz-translate-text=\"1\">\n<p class=\"brz-text-lg-center brz-tp-lg-empty brz-ff-arapey brz-ft-google brz-fs-lg-24 brz-fss-lg-px brz-fw-lg-400 brz-ls-lg-0 brz-lh-lg-1_9 brz-vfw-lg-400 brz-fwdth-lg-100 brz-fsft-lg-0 brz-css-zhoL0\" data-uniq-id=\"kApne\" data-generated-css=\"brz-css-diixR\"><em class=\"brz-cp-color8 brz-italic-true\">Bienvenue dans mon univers<\/em><\/p>\n<p class=\"brz-text-lg-center brz-tp-lg-empty brz-ff-arapey brz-ft-google brz-fs-lg-24 brz-fss-lg-px brz-fw-lg-400 brz-ls-lg-0 brz-lh-lg-1_9 brz-vfw-lg-400 brz-fwdth-lg-100 brz-fsft-lg-0 brz-css-ts3cT\" data-uniq-id=\"qrqPL\" data-generated-css=\"brz-css-xKYXo\"><em class=\"brz-cp-color8 brz-italic-true\">Je suis Joanna, artiste tatoueuse depuis 5 ans, sp\u00e9cialis\u00e9e en dotwork &amp; fine line.<\/em><\/p>\n<p class=\"brz-text-lg-center brz-tp-lg-empty brz-ff-arapey brz-ft-google brz-fs-lg-24 brz-fss-lg-px brz-fw-lg-400 brz-ls-lg-0 brz-lh-lg-1_9 brz-vfw-lg-400 brz-fwdth-lg-100 brz-fsft-lg-0 brz-css-gLcHU\" data-uniq-id=\"uCgNG\" data-generated-css=\"brz-css-wOLiZ\"><em class=\"brz-cp-color8 brz-italic-true\"> <\/em><\/p>\n<p class=\"brz-text-lg-center brz-tp-lg-empty brz-ff-arapey brz-ft-google brz-fs-lg-24 brz-fss-lg-px brz-fw-lg-400 brz-ls-lg-0 brz-lh-lg-1_9 brz-vfw-lg-400 brz-fwdth-lg-100 brz-fsft-lg-0 brz-css-ejln3\" data-uniq-id=\"tqeZ_\" data-generated-css=\"brz-css-dgYc5\"><em class=\"brz-cp-color8 brz-italic-true\">Poussez la porte de ma boutique \u00e9sot\u00e9rique : un lieu o\u00f9 vous retrouverez mes confections d&rsquo;encens, ma petite herboristerie et autres produits magique, un lieux o\u00f9 l&rsquo;encre se m\u00eale \u00e0 l&rsquo;invisible, o\u00f9 les livres et les oracles vous feront voyager !<\/em><\/p>\n<p class=\"brz-text-lg-center brz-tp-lg-empty brz-ff-arapey brz-ft-google brz-fs-lg-24 brz-fss-lg-px brz-fw-lg-400 brz-ls-lg-0 brz-lh-lg-1_9 brz-vfw-lg-400 brz-fwdth-lg-100 brz-fsft-lg-0 brz-css-deBEu\" data-uniq-id=\"uWphS\" data-generated-css=\"brz-css-vFs4b\"><em class=\"brz-cp-color8 brz-italic-true\"> <\/em><\/p>\n<p class=\"brz-text-lg-center brz-tp-lg-empty brz-ff-arapey brz-ft-google brz-fs-lg-24 brz-fss-lg-px brz-fw-lg-400 brz-ls-lg-0 brz-lh-lg-1_9 brz-vfw-lg-400 brz-fwdth-lg-100 brz-fsft-lg-0 brz-css-ybjZF\" data-uniq-id=\"zOWai\" data-generated-css=\"brz-css-ohJh3\"><em class=\"brz-cp-color8 brz-italic-true\">Je vous propose \u00e9galement des guidances, des lectures d&rsquo;\u00e2me, des tatouages sacr\u00e9s et des soir\u00e9es mystiques, pour vous reconnecter \u00e0 ce qui vous anime profond\u00e9ment.<\/em><\/p>\n<p class=\"brz-text-lg-center brz-tp-lg-empty brz-ff-arapey brz-ft-google brz-fs-lg-24 brz-fss-lg-px brz-fw-lg-400 brz-ls-lg-0 brz-lh-lg-1_9 brz-vfw-lg-400 brz-fwdth-lg-100 brz-fsft-lg-0 brz-css-eMrTF\" data-uniq-id=\"j1koc\" data-generated-css=\"brz-css-cRtwv\"><em class=\"brz-cp-color8 brz-italic-true\"> <\/em><\/p>\n<p class=\"brz-text-lg-center brz-tp-lg-empty brz-ff-arapey brz-ft-google brz-fs-lg-24 brz-fss-lg-px brz-fw-lg-400 brz-ls-lg-0 brz-lh-lg-1_9 brz-vfw-lg-400 brz-fwdth-lg-100 brz-fsft-lg-0 brz-css-ctu1F\" data-uniq-id=\"zQ3u2\" data-generated-css=\"brz-css-sOnm5\"><em class=\"brz-cp-color8 brz-italic-true\">Entrez sans crainte&#8230; la magie commence ici.. <\/em><\/p>\n<\/div>\n<\/div>\n<\/div>\n<div id=\"\" class=\"brz-css-amlek4 brz-css-18th7pn brz-css-1rigw7n brz-wrapper\">\n<div class=\"brz-spacer brz-css-1xpwp8w brz-css-18rbmau\"><\/div>\n<\/div>\n<div class=\"brz-row__container brz-css-pmub3b brz-css-zyqjzj\" data-brz-custom-id=\"a2XptFBuwyNV\">\n<div class=\"brz-row brz-css-po6cx0 brz-css-1xpm9zr brz-css-1xhb1d6\">\n<div class=\"brz-columns brz-css-k6h1un brz-css-wzrwe2\" data-brz-custom-id=\"wEhQnEUGwtv1\">\n<div class=\"brz-column__items brz-css-4nd8z6 brz-css-qb37ao\">\n<div class=\"brz-wrapper-clone brz-flex-xs-wrap brz-css-rjl1m7 brz-css-18ihoda\" data-brz-custom-id=\"zJHOQK0em5yb\"><a class=\"brz-a brz-btn brz-css-1pgelqt brz-css-18z8gvw brz-css-10x7992 brz-css-eem5t4\" href=\"https:\/\/arts-mystiques.fr\/?page_id=34\" target=\"_self\" rel=\"noopener\" data-brz-link-type=\"page\" data-brz-custom-id=\"wPQBH8aPjZ9c\"><span data-brz-translate-text=\"1\" class=\"brz-span brz-text__editor\">Les tatouages<\/span><\/a><\/div>\n<\/div>\n<\/div>\n<div class=\"brz-columns brz-css-k6h1un brz-css-15xelz7\" data-brz-custom-id=\"lfqQC6ViCZQl\">\n<div class=\"brz-column__items brz-css-4nd8z6 brz-css-15sf0ij\">\n<div class=\"brz-wrapper-clone brz-flex-xs-wrap brz-css-rjl1m7 brz-css-8lwgjj\" data-brz-custom-id=\"jr5LW1C5K590\"><a class=\"brz-a brz-btn brz-css-1pgelqt brz-css-ck99ut brz-css-10x7992 brz-css-zpft80\" href=\"https:\/\/arts-mystiques.fr\/?page_id=35\" target=\"_self\" rel=\"noopener\" data-brz-link-type=\"page\" data-brz-custom-id=\"kZE65WS2silv\"><span data-brz-translate-text=\"1\" class=\"brz-span brz-text__editor\">La boutique<\/span><\/a><\/div>\n<\/div>\n<\/div>\n<div class=\"brz-columns brz-css-k6h1un brz-css-1y7nyms\" data-brz-custom-id=\"csglteXVTPa1\">\n<div class=\"brz-column__items brz-css-4nd8z6 brz-css-1eelt99\">\n<div class=\"brz-wrapper-clone brz-flex-xs-wrap brz-css-rjl1m7 brz-css-18hfjb3\" data-brz-custom-id=\"zqHDFddsQ3bR\"><a class=\"brz-a brz-btn brz-css-1pgelqt brz-css-tb9lu0 brz-css-10x7992 brz-css-4w8v4n\" href=\"https:\/\/arts-mystiques.fr\/?page_id=185\" target=\"_self\" rel=\"noopener\" data-brz-link-type=\"page\" data-brz-custom-id=\"v6EsBDCXB3UF\"><span data-brz-translate-text=\"1\" class=\"brz-span brz-text__editor\">Mes prestations<\/span><\/a><\/div>\n<\/div>\n<\/div>\n<\/div>\n<\/div>\n<\/div>\n<\/div>\n<\/section>\n<section id=\"05241626b128470b1fb9_y4ekqsfs7jGP\" class=\"brz-section brz-css-1pbt32m brz-css-t9vpkv\">\n<div class=\"brz-section__content brz-section--boxed brz-css-ajlzsh brz-css-10jr5uo\" data-brz-custom-id=\"yLSsTE3AaeY9\">\n<div class=\"brz-bg\">\n<div class=\"brz-bg-color\"><\/div>\n<\/div>\n<div class=\"brz-container brz-css-6w4pee brz-css-1g1x9uo\">\n<div class=\"brz-row__container brz-css-nz1bp6 brz-css-19zcdgk\" data-brz-custom-id=\"bUY3qSsiwkAu\">\n<div class=\"brz-row brz-css-1jpm8ty brz-css-gqf2zq brz-css-1izeob5\">\n<div class=\"brz-columns brz-css-1weqizt brz-css-1lq80uo\" data-brz-custom-id=\"q0_miwFAeIn2\">\n<div class=\"brz-column__items brz-css-ktr9f9 brz-css-8b6qal\">\n<div id=\"\" class=\"brz-css-1f926jx brz-css-rpwi5y brz-wrapper\">\n<div class=\"brz-rich-text brz-rich-text__custom brz-css-1walpvh brz-css-fj6m2o\" data-brz-custom-id=\"oNtCW9j_xSot\">\n<div data-brz-translate-text=\"1\">\n<p class=\"brz-text-lg-center brz-tp-lg-empty brz-ff-arapey brz-ft-google brz-fs-lg-40 brz-fss-lg-px brz-fw-lg-400 brz-ls-lg-0 brz-lh-lg-1_9 brz-vfw-lg-400 brz-fwdth-lg-100 brz-fsft-lg-0 brz-css-s5uEw\" data-uniq-id=\"bXiwI\" data-generated-css=\"brz-css-nPbbS\"><strong class=\"brz-cp-color8 brz-bold-true brz-italic-true\"><em>Arts Mystiques<\/em><\/strong><\/p>\n<\/div>\n<\/div>\n<\/div>\n<div class=\"brz-row__container brz-css-nz1bp6 brz-css-pxl9kp\" data-brz-custom-id=\"xEOKDckxNqqK\">\n<div class=\"brz-row brz-row--inner brz-css-1jpm8ty brz-css-gqf2zq brz-css-1qn9qm2\">\n<div class=\"brz-columns brz-css-1weqizt brz-css-npeiti\" data-brz-custom-id=\"sMDppcmq6ePV\">\n<div class=\"brz-column__items brz-css-ktr9f9 brz-css-6ffly7\">\n<div class=\"brz-wrapper-clone brz-flex-xs-wrap brz-css-1xlejii brz-css-15rnvn9\" data-brz-custom-id=\"tdcC60XquFd5\">\n<div class=\"brz-icon__container\" data-brz-custom-id=\"xgB9TKzjurZt\"><span class=\"brz-icon brz-span brz-css-1cmh3zz brz-css-1qe1iyf\"><\/span><\/div>\n<\/div>\n<div id=\"\" class=\"brz-css-1f926jx brz-css-1pawrhy brz-wrapper\">\n<div class=\"brz-rich-text brz-rich-text__custom brz-css-1walpvh brz-css-195evvy\" data-brz-custom-id=\"iy20sge3JCcs\">\n<div data-brz-translate-text=\"1\">\n<p class=\"brz-text-lg-center brz-tp-lg-empty brz-ff-arapey brz-ft-google brz-fs-lg-24 brz-fss-lg-px brz-fw-lg-400 brz-ls-lg-0 brz-lh-lg-1_9 brz-vfw-lg-400 brz-fwdth-lg-100 brz-fsft-lg-0 brz-css-ufKIg\" data-generated-css=\"brz-css-hNhj8\" data-uniq-id=\"uiifI\"><a class=\"brz-cp-color8 brz-italic-true link--anchor\" href=\"#05241626b128470b1fb9_y4ekqsfs7jGP\" data-brz-link-type=\"anchor\"><em>(+33) 0601057145<\/em><\/a><\/p>\n<\/div>\n<\/div>\n<\/div>\n<\/div>\n<\/div>\n<div class=\"brz-columns brz-css-1weqizt brz-css-1hjtqle\" data-brz-custom-id=\"sDmLDPyOouhk\">\n<div class=\"brz-column__items brz-css-ktr9f9 brz-css-7lwrlp\">\n<div class=\"brz-wrapper-clone brz-flex-xs-wrap brz-css-1xlejii brz-css-1cc63mk\" data-brz-custom-id=\"iqva7HqyhRLY\">\n<div class=\"brz-icon__container\" data-brz-custom-id=\"sPSlVX9vKxy5\"><span class=\"brz-icon brz-span brz-css-1cmh3zz brz-css-1nznsyr\"><\/span><\/div>\n<\/div>\n<div id=\"\" class=\"brz-css-1f926jx brz-css-1rsxaod brz-wrapper\">\n<div class=\"brz-rich-text brz-rich-text__custom brz-css-1walpvh brz-css-amxlhm\" data-brz-custom-id=\"vaDbmL9NNeEy\">\n<div data-brz-translate-text=\"1\">\n<p class=\"brz-fs-lg-24 brz-ft-google brz-ff-arapey brz-tp-lg-empty brz-fsft-lg-0 brz-fwdth-lg-100 brz-vfw-lg-400 brz-lh-lg-1_9 brz-ls-lg-0 brz-fw-lg-400 brz-fss-lg-px brz-text-lg-center brz-css-iR_la\" data-generated-css=\"brz-css-n2Fg_\" data-uniq-id=\"miZ5H\"><em class=\"brz-italic-true brz-cp-color8\">23 Rue du Faubourg St Jean, <\/em><\/p>\n<p class=\"brz-fsft-lg-0 brz-fwdth-lg-100 brz-vfw-lg-400 brz-lh-lg-1_9 brz-ls-lg-0 brz-fw-lg-400 brz-fss-lg-px brz-fs-lg-25 brz-ft-google brz-ff-arapey brz-tp-lg-empty brz-text-lg-center brz-css-pMBcn\" data-generated-css=\"brz-css-uDzgU\" data-uniq-id=\"b7UQ_\"><em class=\"brz-italic-true brz-cp-color8\">46300 Le Vigan en Quercy<\/em><\/p>\n<\/div>\n<\/div>\n<\/div>\n<\/div>\n<\/div>\n<div class=\"brz-columns brz-css-1weqizt brz-css-1sh5l26\" data-brz-custom-id=\"qI1GibbsPiBu\">\n<div class=\"brz-column__items brz-css-ktr9f9 brz-css-c31w2k\">\n<div class=\"brz-wrapper-clone brz-flex-xs-wrap brz-css-1xlejii brz-css-1a6vru1\" data-brz-custom-id=\"jxvac6J8R6Fb\">\n<div class=\"brz-icon__container\" data-brz-custom-id=\"uCuA6GDApGoL\"><span class=\"brz-icon brz-span brz-css-1cmh3zz brz-css-1c04c4r\"><\/span><\/div>\n<\/div>\n<div id=\"\" class=\"brz-css-1f926jx brz-css-1elq326 brz-wrapper\">\n<div class=\"brz-rich-text brz-rich-text__custom brz-css-1walpvh brz-css-482b\" data-brz-custom-id=\"qZp49iaszNxX\">\n<div data-brz-translate-text=\"1\">\n<p class=\"brz-text-lg-center brz-fss-lg-px brz-fw-lg-400 brz-ls-lg-0 brz-lh-lg-1_9 brz-vfw-lg-400 brz-fwdth-lg-100 brz-fsft-lg-0 brz-tp-lg-empty brz-ff-arapey brz-ft-google brz-fs-lg-24 brz-css-pEIbY\" data-uniq-id=\"mLocO\" data-generated-css=\"brz-css-okq2f\"><em class=\"brz-cp-color8 brz-italic-true\">artsmystiques46@gmail.com<\/em><\/p>\n<\/div>\n<\/div>\n<\/div>\n<\/div>\n<\/div>\n<\/div>\n<\/div>\n<\/div>\n<\/div>\n<\/div>\n<\/div>\n<div class=\"brz-row__container brz-css-nz1bp6 brz-css-whjs71\" data-brz-custom-id=\"umdjrEeRu1sh\">\n<div class=\"brz-row brz-css-1jpm8ty brz-css-gqf2zq brz-css-ymjs5v\">\n<div class=\"brz-columns brz-css-1weqizt brz-css-qc27zc\" data-brz-custom-id=\"yQvf7T3vwVAu\">\n<div class=\"brz-column__items brz-css-ktr9f9 brz-css-17grwht\">\n<div class=\"brz-wrapper-clone brz-flex-xs-wrap brz-css-1xlejii brz-css-1wlohvl\" data-brz-custom-id=\"tu9lvQUvpYUu\">\n<div class=\"brz-icon__container\" data-brz-custom-id=\"em6dT4VWJAib\"><span class=\"brz-icon brz-span brz-css-1cmh3zz brz-css-68d3os\"><\/span><\/div>\n<\/div>\n<\/div>\n<\/div>\n<div class=\"brz-columns brz-css-1weqizt brz-css-1yjndb7\" data-brz-custom-id=\"cgvn64EZLaec\">\n<div class=\"brz-column__items brz-css-ktr9f9 brz-css-1qkiymd\">\n<div class=\"brz-wrapper-clone brz-flex-xs-wrap brz-css-1xlejii brz-css-92vwfv\" data-brz-custom-id=\"eztpqZ6uYPtu\">\n<div class=\"brz-icon__container\" data-brz-custom-id=\"n_r5YiJIVRDf\"><span class=\"brz-icon brz-span brz-css-1cmh3zz brz-css-os7nu0\"><\/span><\/div>\n<\/div>\n<\/div>\n<\/div>\n<\/div>\n<\/div>\n<div id=\"\" class=\"brz-css-1f926jx brz-css-1768vvf brz-wrapper\">\n<div class=\"brz-rich-text brz-rich-text__custom brz-css-1walpvh brz-css-sxhdyu\" data-brz-custom-id=\"kCsmlcFYxPoP\">\n<div data-brz-translate-text=\"1\">\n<p class=\"brz-text-lg-center brz-fss-lg-px brz-fw-lg-400 brz-ls-lg-0 brz-lh-lg-1_9 brz-vfw-lg-400 brz-fwdth-lg-100 brz-fsft-lg-0 brz-tp-lg-empty brz-ff-arapey brz-ft-google brz-fs-lg-20 brz-css-mZfzg\" data-uniq-id=\"u9vcS\" data-generated-css=\"brz-css-pVB25\"><a class=\"brz-cp-color8 link--page brz-italic-true\" href=\"https:\/\/arts-mystiques.fr\/?page_id=6\" data-brz-link-type=\"page\" target=\"_blank\"><em>Conditions g\u00e9n\u00e9rales<\/em><\/a><\/p>\n<\/div>\n<\/div>\n<\/div>\n<div id=\"\" class=\"brz-css-1f926jx brz-css-1jq9cr9 brz-wrapper\">\n<div class=\"brz-rich-text brz-rich-text__custom brz-css-1walpvh brz-css-y2upzc\" data-brz-custom-id=\"kkbXSDikg8i6\">\n<div data-brz-translate-text=\"1\">\n<p class=\"brz-text-lg-center brz-fss-lg-px brz-fw-lg-400 brz-ls-lg-0 brz-lh-lg-1_9 brz-vfw-lg-400 brz-fwdth-lg-100 brz-fsft-lg-0 brz-tp-lg-empty brz-ff-arapey brz-ft-google brz-fs-lg-18 brz-css-rspMs\" data-uniq-id=\"z_3t7\" data-generated-css=\"brz-css-iU2Tj\"><em class=\"brz-cp-color8 brz-italic-true\">COPYRIGHTS, ALL RIGHTS RESERVED<\/em><\/p>\n<\/div>\n<\/div>\n<\/div>\n<div id=\"\" class=\"brz-css-1f926jx brz-css-3fk23h brz-wrapper\">\n<div class=\"brz-rich-text brz-rich-text__custom brz-css-1walpvh brz-css-wnkd43\" data-brz-custom-id=\"iW2tvVle0EyW\">\n<div data-brz-translate-text=\"1\">\n<p class=\"brz-text-lg-center brz-fss-lg-px brz-fw-lg-400 brz-ls-lg-0 brz-lh-lg-1_9 brz-vfw-lg-400 brz-fwdth-lg-100 brz-fsft-lg-0 brz-tp-lg-empty brz-ff-arapey brz-ft-google brz-fs-lg-18 brz-css-lIxq1\" data-uniq-id=\"pCJZI\" data-generated-css=\"brz-css-y_4fj\"><em class=\"brz-cp-color8 brz-italic-true\">Site r\u00e9alis\u00e9 par Cl\u00e9ment LEMAIRE, LCAMarketing<\/em><\/p>\n<\/div>\n<\/div>\n<\/div>\n<\/div>\n<\/div>\n<\/section><\/div>\n<p><!-- version:1760472757 --><\/p>\n","protected":false},"excerpt":{"rendered":"<p>Accueil Tatouages La boutique Prestations Tatouages sacr\u00e9s Lecture d&rsquo;\u00e2me Les soir\u00e9es mystiques Soin vibratoire Contact Maison de tatouage &amp; boutique \u00e9sot\u00e9rique Bienvenue dans mon univers Je suis Joanna, artiste tatoueuse depuis 5 ans, sp\u00e9cialis\u00e9e en dotwork &amp; fine line. Poussez la porte de ma boutique \u00e9sot\u00e9rique : un lieu o\u00f9 vous retrouverez mes confections d&rsquo;encens, [&hellip;]<\/p>\n","protected":false},"author":1,"featured_media":0,"parent":0,"menu_order":0,"comment_status":"closed","ping_status":"closed","template":"brizy-blank-template.php","meta":{"footnotes":""},"class_list":["post-51","page","type-page","status-publish","hentry"],"jetpack_sharing_enabled":true,"brizy_media":[{"id":13,"url":"https:\/\/arts-mystiques.fr\/wp-content\/uploads\/2025\/06\/Bienvenue-chez-Arts-Mystiques-8.8-x-5.8-po.png.png","name":"Bienvenue-chez-Arts-Mystiques-8.8-x-5.8-po.png.png","meta":{"brizy_attachment_uid":"wp-ed7937e7d772735b8744d86f937c0803.png","brizy_post_uid":["cfca118188bff1eee9e129bd86736955","16bf1a79689af2ed3570ecbe30bccdb2"]}},{"id":16,"url":"https:\/\/arts-mystiques.fr\/wp-content\/uploads\/2025\/06\/Copie-de-Copie-de-Copie-de-Bienvenue-chez-Arts-Mystiques-Publication-Instagram.zip-13.png","name":"Copie-de-Copie-de-Copie-de-Bienvenue-chez-Arts-Mystiques-Publication-Instagram.zip-13.png","meta":{"brizy_attachment_uid":"wp-109fc59a815ab7cb6daa92491e92e293.png","brizy_post_uid":["cfca118188bff1eee9e129bd86736955"]}},{"id":31,"url":"https:\/\/arts-mystiques.fr\/wp-content\/uploads\/2025\/06\/cropped-cropped-IMG_6291.jpeg","name":"cropped-cropped-IMG_6291.jpeg","meta":{"brizy_attachment_uid":"wp-2bb22b7b3edeaea09d5b5a28847a2f35.jpeg","brizy_post_uid":["cfca118188bff1eee9e129bd86736955"]}},{"id":82,"url":"https:\/\/arts-mystiques.fr\/wp-content\/uploads\/2025\/06\/Arts__3_-removebg-preview.png","name":"Arts__3_-removebg-preview.png","meta":{"brizy_attachment_uid":"wp-eb6309855cf243c3efb0b9bebe94a7de.png","brizy_post_uid":["cfca118188bff1eee9e129bd86736955"]}},{"id":125,"url":"https:\/\/arts-mystiques.fr\/wp-content\/uploads\/2025\/06\/Arts__4_-removebg-preview.png","name":"Arts__4_-removebg-preview.png","meta":{"brizy_attachment_uid":"wp-653336bfa75edcbf57ad104ff7532e64.png","brizy_post_uid":["16bf1a79689af2ed3570ecbe30bccdb2","cfca118188bff1eee9e129bd86736955"]}},{"id":164,"url":"https:\/\/arts-mystiques.fr\/wp-content\/uploads\/2025\/06\/Design-sans-titre-16.png","name":"Design-sans-titre-16.png","meta":{"brizy_attachment_uid":"wp-11cb41564b7e21e4be650138f5feadfd.png","brizy_post_uid":["cfca118188bff1eee9e129bd86736955","01bc5fc323b12198b2faf19cfa723a22","16bf1a79689af2ed3570ecbe30bccdb2","aa345922a4b2faaebd99b2636c65af9f","d88c2aacaf49aac9eb3192e8f768c0c7","4c3de11236f88a5a58fd5b888a52aae3","973e3036551c3a163cf312353895e191","ff55e496a4e9865cc18c441ff4f25d6d","2a5c78715646ec6df55003bc63b1be9c","7540cb9d7e049c4cb74e232c2ef6b153"]}},{"id":168,"url":"https:\/\/arts-mystiques.fr\/wp-content\/uploads\/2025\/06\/Arts-4.png","name":"Arts-4.png","meta":{"brizy_attachment_uid":"wp-96a176c26c67dac8e2eb8e47c3afc79c.png","brizy_post_uid":["cfca118188bff1eee9e129bd86736955","01bc5fc323b12198b2faf19cfa723a22","16bf1a79689af2ed3570ecbe30bccdb2","aa345922a4b2faaebd99b2636c65af9f","d88c2aacaf49aac9eb3192e8f768c0c7","7cc32483ffb599cc935ffb5f0de133be","4c3de11236f88a5a58fd5b888a52aae3","973e3036551c3a163cf312353895e191","ff55e496a4e9865cc18c441ff4f25d6d","2a5c78715646ec6df55003bc63b1be9c","7540cb9d7e049c4cb74e232c2ef6b153"]}},{"id":749,"url":"https:\/\/arts-mystiques.fr\/wp-content\/uploads\/2025\/09\/Arts-6.png","name":"Arts-6.png","meta":{"brizy_attachment_uid":"wp-618b45f03481c63542ce689892ba33aa.png","brizy_post_uid":["aa345922a4b2faaebd99b2636c65af9f","4c3de11236f88a5a58fd5b888a52aae3","ff55e496a4e9865cc18c441ff4f25d6d","7cc32483ffb599cc935ffb5f0de133be","01bc5fc323b12198b2faf19cfa723a22","2a5c78715646ec6df55003bc63b1be9c","16bf1a79689af2ed3570ecbe30bccdb2","973e3036551c3a163cf312353895e191","cfca118188bff1eee9e129bd86736955","ce831e1072deacd43da2e448c0aeee09"]}},{"id":772,"url":"https:\/\/arts-mystiques.fr\/wp-content\/uploads\/2025\/10\/Design-sans-titre-18.png","name":"Design-sans-titre-18.png","meta":{"brizy_attachment_uid":"wp-86477c1cf8c024b67bc6eefcacc22ad6.png","brizy_post_uid":["cfca118188bff1eee9e129bd86736955"]}},{"id":773,"url":"https:\/\/arts-mystiques.fr\/wp-content\/uploads\/2025\/10\/Design-sans-titre-19.png","name":"Design-sans-titre-19.png","meta":{"brizy_attachment_uid":"wp-4b7c664c035e997752ef8570e5ecd3f6.png","brizy_post_uid":["cfca118188bff1eee9e129bd86736955","aa345922a4b2faaebd99b2636c65af9f","d88c2aacaf49aac9eb3192e8f768c0c7","01bc5fc323b12198b2faf19cfa723a22","16bf1a79689af2ed3570ecbe30bccdb2","973e3036551c3a163cf312353895e191","4c3de11236f88a5a58fd5b888a52aae3","2a5c78715646ec6df55003bc63b1be9c","ff55e496a4e9865cc18c441ff4f25d6d"]}}],"_links":{"self":[{"href":"https:\/\/arts-mystiques.fr\/index.php?rest_route=\/wp\/v2\/pages\/51","targetHints":{"allow":["GET"]}}],"collection":[{"href":"https:\/\/arts-mystiques.fr\/index.php?rest_route=\/wp\/v2\/pages"}],"about":[{"href":"https:\/\/arts-mystiques.fr\/index.php?rest_route=\/wp\/v2\/types\/page"}],"author":[{"embeddable":true,"href":"https:\/\/arts-mystiques.fr\/index.php?rest_route=\/wp\/v2\/users\/1"}],"replies":[{"embeddable":true,"href":"https:\/\/arts-mystiques.fr\/index.php?rest_route=%2Fwp%2Fv2%2Fcomments&post=51"}],"version-history":[{"count":30,"href":"https:\/\/arts-mystiques.fr\/index.php?rest_route=\/wp\/v2\/pages\/51\/revisions"}],"predecessor-version":[{"id":825,"href":"https:\/\/arts-mystiques.fr\/index.php?rest_route=\/wp\/v2\/pages\/51\/revisions\/825"}],"wp:attachment":[{"href":"https:\/\/arts-mystiques.fr\/index.php?rest_route=%2Fwp%2Fv2%2Fmedia&parent=51"}],"curies":[{"name":"wp","href":"https:\/\/api.w.org\/{rel}","templated":true}]}}